{"id":9597,"date":"2022-10-07T13:55:40","date_gmt":"2022-10-07T16:55:40","guid":{"rendered":"http:\/\/aliancafrancesajuizdefora.com.br\/?page_id=9597"},"modified":"2022-11-29T11:35:43","modified_gmt":"2022-11-29T14:35:43","slug":"estude-na-franca","status":"publish","type":"page","link":"http:\/\/aliancafrancesajuizdefora.com.br\/index.php\/estude-na-franca\/","title":{"rendered":"Estude na Fran\u00e7a"},"content":{"rendered":"\t\t<div data-elementor-type=\"wp-page\" data-elementor-id=\"9597\" class=\"elementor elementor-9597\">\n\t\t\t\t\t\t<section class=\"elementor-section elementor-top-section elementor-element elementor-element-75b6c72 elementor-section-boxed elementor-section-height-default elementor-section-height-default\" data-id=\"75b6c72\" data-element_type=\"section\" data-e-type=\"section\">\n\t\t\t\t\t\t<div class=\"elementor-container elementor-column-gap-default\">\n\t\t\t\t\t<div class=\"elementor-column elementor-col-100 elementor-top-column elementor-element elementor-element-c01d095\" data-id=\"c01d095\" data-element_type=\"column\" data-e-type=\"column\">\n\t\t\t<div class=\"elementor-widget-wrap elementor-element-populated\">\n\t\t\t\t\t\t<div class=\"elementor-element elementor-element-fa1bece elementor-widget elementor-widget-heading\" data-id=\"fa1bece\" data-element_type=\"widget\" data-e-type=\"widget\" data-widget_type=\"heading.default\">\n\t\t\t\t<div class=\"elementor-widget-container\">\n\t\t\t\t\t<h2 class=\"elementor-heading-title elementor-size-default\">QUER ESTUDAR NA FRAN\u00c7A<\/h2>\t\t\t\t<\/div>\n\t\t\t\t<\/div>\n\t\t\t\t\t<\/div>\n\t\t<\/div>\n\t\t\t\t\t<\/div>\n\t\t<\/section>\n\t\t\t\t<section class=\"elementor-section elementor-top-section elementor-element elementor-element-5d75629 elementor-section-boxed elementor-section-height-default elementor-section-height-default\" data-id=\"5d75629\" data-element_type=\"section\" data-e-type=\"section\">\n\t\t\t\t\t\t<div class=\"elementor-container elementor-column-gap-default\">\n\t\t\t\t\t<div class=\"elementor-column elementor-col-50 elementor-top-column elementor-element elementor-element-c9d36c8\" data-id=\"c9d36c8\" data-element_type=\"column\" data-e-type=\"column\">\n\t\t\t<div class=\"elementor-widget-wrap elementor-element-populated\">\n\t\t\t\t\t\t<div class=\"elementor-element elementor-element-b66518f elementor-widget elementor-widget-heading\" data-id=\"b66518f\" data-element_type=\"widget\" data-e-type=\"widget\" data-widget_type=\"heading.default\">\n\t\t\t\t<div class=\"elementor-widget-container\">\n\t\t\t\t\t<h2 class=\"elementor-heading-title elementor-size-default\">QUER ESTUDAR NA FRAN\u00c7A?<\/h2>\t\t\t\t<\/div>\n\t\t\t\t<\/div>\n\t\t\t\t<div class=\"elementor-element elementor-element-0de560e elementor-widget elementor-widget-text-editor\" data-id=\"0de560e\" data-element_type=\"widget\" data-e-type=\"widget\" data-widget_type=\"text-editor.default\">\n\t\t\t\t<div class=\"elementor-widget-container\">\n\t\t\t\t\t\t\t\t\t<p>Venha estudar na Fran\u00e7a com a <em>Campus France<\/em>, a ag\u00eancia oficial do governo franc\u00eas respons\u00e1vel pela promo\u00e7\u00e3o do ensino superior.<\/p>\n<p>Desde cursos de curta dura\u00e7\u00e3o, gradua\u00e7\u00e3o, mestrado, doutorado, a institui\u00e7\u00e3o fornece orienta\u00e7\u00f5es e informa\u00e7\u00f5es para seu acesso \u00e0s institui\u00e7\u00f5es de ensino na Fran\u00e7a.<\/p>\n<p>Tire suas d\u00favidas sobre cursos e processos de candidatura para as Universidades francesas.<\/p>\n<p><span style=\"font-family: var( --e-global-typography-text-font-family ), Sans-serif; font-weight: var( --e-global-typography-text-font-weight );\">&nbsp;<\/span><span style=\"font-family: var( --e-global-typography-text-font-family ), Sans-serif; font-weight: var( --e-global-typography-text-font-weight );\">Saiba mais:<\/span><\/p>\n<ul>\n<li>&#8211; Informa\u00e7\u00f5es sobre como estudar na Fran\u00e7a<\/li>\n<li>&#8211; Orienta\u00e7\u00f5es sobre os benef\u00edcios e programas&nbsp;<\/li>\n<li>&#8211; Consultoria individualizada&nbsp;<\/li><\/ul>\n<div>&nbsp;<\/div>\n<div>&nbsp;<\/div>\t\t\t\t\t\t\t\t<\/div>\n\t\t\t\t<\/div>\n\t\t\t\t<div class=\"elementor-element elementor-element-e61458e elementor-widget elementor-widget-heading\" data-id=\"e61458e\" data-element_type=\"widget\" data-e-type=\"widget\" data-widget_type=\"heading.default\">\n\t\t\t\t<div class=\"elementor-widget-container\">\n\t\t\t\t\t<h2 class=\"elementor-heading-title elementor-size-default\">Realize seu sonho de estudar na Fran\u00e7a<\/h2>\t\t\t\t<\/div>\n\t\t\t\t<\/div>\n\t\t\t\t<div class=\"elementor-element elementor-element-607bf58 elementor-widget elementor-widget-button\" data-id=\"607bf58\" data-element_type=\"widget\" data-e-type=\"widget\" data-widget_type=\"button.default\">\n\t\t\t\t<div class=\"elementor-widget-container\">\n\t\t\t\t\t\t\t\t\t<div class=\"elementor-button-wrapper\">\n\t\t\t\t\t<a class=\"elementor-button elementor-button-link elementor-size-sm\" href=\"https:\/\/drive.google.com\/file\/d\/1VCg3kh-72u6BeLiKHEi38pLdTCAUYxJS\/view?usp=share_link\">\n\t\t\t\t\t\t<span class=\"elementor-button-content-wrapper\">\n\t\t\t\t\t\t\t\t\t<span class=\"elementor-button-text\">EBOOK GRATUITO<\/span>\n\t\t\t\t\t<\/span>\n\t\t\t\t\t<\/a>\n\t\t\t\t<\/div>\n\t\t\t\t\t\t\t\t<\/div>\n\t\t\t\t<\/div>\n\t\t\t\t\t<\/div>\n\t\t<\/div>\n\t\t\t\t<div class=\"elementor-column elementor-col-50 elementor-top-column elementor-element elementor-element-08a602a\" data-id=\"08a602a\" data-element_type=\"column\" data-e-type=\"column\">\n\t\t\t<div class=\"elementor-widget-wrap elementor-element-populated\">\n\t\t\t\t\t\t<div class=\"elementor-element elementor-element-50bd1c3 elementor-widget elementor-widget-image\" data-id=\"50bd1c3\" data-element_type=\"widget\" data-e-type=\"widget\" data-widget_type=\"image.default\">\n\t\t\t\t<div class=\"elementor-widget-container\">\n\t\t\t\t\t\t\t\t\t\t\t\t\t\t\t<img fetchpriority=\"high\" decoding=\"async\" width=\"640\" height=\"640\" src=\"http:\/\/aliancafrancesajuizdefora.com.br\/wp-content\/uploads\/2022\/11\/32-1-1024x1024.jpg\" class=\"attachment-large size-large wp-image-10961\" alt=\"\" srcset=\"http:\/\/aliancafrancesajuizdefora.com.br\/wp-content\/uploads\/2022\/11\/32-1-1024x1024.jpg 1024w, http:\/\/aliancafrancesajuizdefora.com.br\/wp-content\/uploads\/2022\/11\/32-1-300x300.jpg 300w, http:\/\/aliancafrancesajuizdefora.com.br\/wp-content\/uploads\/2022\/11\/32-1-150x150.jpg 150w, http:\/\/aliancafrancesajuizdefora.com.br\/wp-content\/uploads\/2022\/11\/32-1-768x768.jpg 768w, http:\/\/aliancafrancesajuizdefora.com.br\/wp-content\/uploads\/2022\/11\/32-1-116x116.jpg 116w, http:\/\/aliancafrancesajuizdefora.com.br\/wp-content\/uploads\/2022\/11\/32-1.jpg 1080w\" sizes=\"(max-width: 640px) 100vw, 640px\" \/>\t\t\t\t\t\t\t\t\t\t\t\t\t\t\t<\/div>\n\t\t\t\t<\/div>\n\t\t\t\t\t<\/div>\n\t\t<\/div>\n\t\t\t\t\t<\/div>\n\t\t<\/section>\n\t\t\t\t<section class=\"elementor-section elementor-top-section elementor-element elementor-element-d5fbfd8 elementor-section-boxed elementor-section-height-default elementor-section-height-default\" data-id=\"d5fbfd8\" data-element_type=\"section\" data-e-type=\"section\">\n\t\t\t\t\t\t<div class=\"elementor-container elementor-column-gap-default\">\n\t\t\t\t\t<div class=\"elementor-column elementor-col-100 elementor-top-column elementor-element elementor-element-dc31bf2\" data-id=\"dc31bf2\" data-element_type=\"column\" data-e-type=\"column\">\n\t\t\t<div class=\"elementor-widget-wrap elementor-element-populated\">\n\t\t\t\t\t\t<div class=\"elementor-element elementor-element-476273a elementor-widget elementor-widget-heading\" data-id=\"476273a\" data-element_type=\"widget\" data-e-type=\"widget\" data-widget_type=\"heading.default\">\n\t\t\t\t<div class=\"elementor-widget-container\">\n\t\t\t\t\t<h2 class=\"elementor-heading-title elementor-size-default\">Entre em contato conosco abaixo<\/h2>\t\t\t\t<\/div>\n\t\t\t\t<\/div>\n\t\t\t\t<div class=\"elementor-element elementor-element-10f09bb elementor-widget elementor-widget-html\" data-id=\"10f09bb\" data-element_type=\"widget\" data-e-type=\"widget\" data-widget_type=\"html.default\">\n\t\t\t\t<div class=\"elementor-widget-container\">\n\t\t\t\t\t<iframe src=\"https:\/\/docs.google.com\/forms\/d\/e\/1FAIpQLSf4S-Ne5ERCKbPX_sEyS5RVSaSZ3gmf28QisNDyslKCCobB4g\/viewform?embedded=true\" width=\"700\" height=\"520\" frameborder=\"0\" marginheight=\"0\" marginwidth=\"0\">Carregando\u2026<\/iframe>\t\t\t\t<\/div>\n\t\t\t\t<\/div>\n\t\t\t\t\t<\/div>\n\t\t<\/div>\n\t\t\t\t\t<\/div>\n\t\t<\/section>\n\t\t\t\t<\/div>\n\t\t","protected":false},"excerpt":{"rendered":"<p>QUER ESTUDAR NA FRAN\u00c7A QUER ESTUDAR NA FRAN\u00c7A? Venha estudar na Fran\u00e7a com a Campus France, a ag\u00eancia oficial do governo franc\u00eas respons\u00e1vel pela promo\u00e7\u00e3o do ensino superior. Desde cursos de curta dura\u00e7\u00e3o, gradua\u00e7\u00e3o, mestrado, doutorado, a institui\u00e7\u00e3o fornece orienta\u00e7\u00f5es e informa\u00e7\u00f5es&#8230;<\/p>\n","protected":false},"author":1,"featured_media":0,"parent":0,"menu_order":0,"comment_status":"closed","ping_status":"closed","template":"elementor_header_footer","meta":{"_uag_custom_page_level_css":"","footnotes":""},"class_list":["post-9597","page","type-page","status-publish","hentry"],"yoast_head":"<!-- This site is optimized with the Yoast SEO plugin v26.1.1 - https:\/\/yoast.com\/wordpress\/plugins\/seo\/ -->\n<title>Estude na Fran\u00e7a - Franc\u00eas com cultura<\/title>\n<meta name=\"description\" content=\"Saiba como estudar na Fran\u00e7a. Participe do Campus France na Alian\u00e7a Francesa de Juiz de Fora. Dia 18\/10\/2022, \u00e0s 18h. Inscri\u00e7\u00f5es abertas.\" \/>\n<meta name=\"robots\" content=\"index, follow, max-snippet:-1, max-image-preview:large, max-video-preview:-1\" \/>\n<link rel=\"canonical\" href=\"http:\/\/aliancafrancesajuizdefora.com.br\/index.php\/estude-na-franca\/\" \/>\n<meta property=\"og:locale\" content=\"pt_BR\" \/>\n<meta property=\"og:type\" content=\"article\" \/>\n<meta property=\"og:title\" content=\"Estude na Fran\u00e7a - Franc\u00eas com cultura\" \/>\n<meta property=\"og:description\" content=\"Saiba como estudar na Fran\u00e7a. Participe do Campus France na Alian\u00e7a Francesa de Juiz de Fora. Dia 18\/10\/2022, \u00e0s 18h. Inscri\u00e7\u00f5es abertas.\" \/>\n<meta property=\"og:url\" content=\"http:\/\/aliancafrancesajuizdefora.com.br\/index.php\/estude-na-franca\/\" \/>\n<meta property=\"og:site_name\" content=\"Franc\u00eas com cultura\" \/>\n<meta property=\"article:modified_time\" content=\"2022-11-29T14:35:43+00:00\" \/>\n<meta property=\"og:image\" content=\"http:\/\/aliancafrancesajuizdefora.com.br\/wp-content\/uploads\/2022\/11\/32-1-1024x1024.jpg\" \/>\n<meta name=\"twitter:card\" content=\"summary_large_image\" \/>\n<meta name=\"twitter:label1\" content=\"Est. tempo de leitura\" \/>\n\t<meta name=\"twitter:data1\" content=\"1 minuto\" \/>\n<script type=\"application\/ld+json\" class=\"yoast-schema-graph\">{\"@context\":\"https:\/\/schema.org\",\"@graph\":[{\"@type\":\"WebPage\",\"@id\":\"http:\/\/aliancafrancesajuizdefora.com.br\/index.php\/estude-na-franca\/\",\"url\":\"http:\/\/aliancafrancesajuizdefora.com.br\/index.php\/estude-na-franca\/\",\"name\":\"Estude na Fran\u00e7a - Franc\u00eas com cultura\",\"isPartOf\":{\"@id\":\"http:\/\/aliancafrancesajuizdefora.com.br\/#website\"},\"primaryImageOfPage\":{\"@id\":\"http:\/\/aliancafrancesajuizdefora.com.br\/index.php\/estude-na-franca\/#primaryimage\"},\"image\":{\"@id\":\"http:\/\/aliancafrancesajuizdefora.com.br\/index.php\/estude-na-franca\/#primaryimage\"},\"thumbnailUrl\":\"http:\/\/aliancafrancesajuizdefora.com.br\/wp-content\/uploads\/2022\/11\/32-1-1024x1024.jpg\",\"datePublished\":\"2022-10-07T16:55:40+00:00\",\"dateModified\":\"2022-11-29T14:35:43+00:00\",\"description\":\"Saiba como estudar na Fran\u00e7a. Participe do Campus France na Alian\u00e7a Francesa de Juiz de Fora. Dia 18\/10\/2022, \u00e0s 18h. Inscri\u00e7\u00f5es abertas.\",\"breadcrumb\":{\"@id\":\"http:\/\/aliancafrancesajuizdefora.com.br\/index.php\/estude-na-franca\/#breadcrumb\"},\"inLanguage\":\"pt-BR\",\"potentialAction\":[{\"@type\":\"ReadAction\",\"target\":[\"http:\/\/aliancafrancesajuizdefora.com.br\/index.php\/estude-na-franca\/\"]}]},{\"@type\":\"ImageObject\",\"inLanguage\":\"pt-BR\",\"@id\":\"http:\/\/aliancafrancesajuizdefora.com.br\/index.php\/estude-na-franca\/#primaryimage\",\"url\":\"http:\/\/aliancafrancesajuizdefora.com.br\/wp-content\/uploads\/2022\/11\/32-1.jpg\",\"contentUrl\":\"http:\/\/aliancafrancesajuizdefora.com.br\/wp-content\/uploads\/2022\/11\/32-1.jpg\",\"width\":1080,\"height\":1080},{\"@type\":\"BreadcrumbList\",\"@id\":\"http:\/\/aliancafrancesajuizdefora.com.br\/index.php\/estude-na-franca\/#breadcrumb\",\"itemListElement\":[{\"@type\":\"ListItem\",\"position\":1,\"name\":\"In\u00edcio\",\"item\":\"http:\/\/aliancafrancesajuizdefora.com.br\/\"},{\"@type\":\"ListItem\",\"position\":2,\"name\":\"Estude na Fran\u00e7a\"}]},{\"@type\":\"WebSite\",\"@id\":\"http:\/\/aliancafrancesajuizdefora.com.br\/#website\",\"url\":\"http:\/\/aliancafrancesajuizdefora.com.br\/\",\"name\":\"Franc\u00eas com cultura\",\"description\":\"\",\"publisher\":{\"@id\":\"http:\/\/aliancafrancesajuizdefora.com.br\/#organization\"},\"potentialAction\":[{\"@type\":\"SearchAction\",\"target\":{\"@type\":\"EntryPoint\",\"urlTemplate\":\"http:\/\/aliancafrancesajuizdefora.com.br\/?s={search_term_string}\"},\"query-input\":{\"@type\":\"PropertyValueSpecification\",\"valueRequired\":true,\"valueName\":\"search_term_string\"}}],\"inLanguage\":\"pt-BR\"},{\"@type\":\"Organization\",\"@id\":\"http:\/\/aliancafrancesajuizdefora.com.br\/#organization\",\"name\":\"Franc\u00eas com cultura\",\"url\":\"http:\/\/aliancafrancesajuizdefora.com.br\/\",\"logo\":{\"@type\":\"ImageObject\",\"inLanguage\":\"pt-BR\",\"@id\":\"http:\/\/aliancafrancesajuizdefora.com.br\/#\/schema\/logo\/image\/\",\"url\":\"http:\/\/aliancafrancesajuizdefora.com.br\/wp-content\/uploads\/2022\/10\/cropped-Captura-de-tela-2022-10-24-101020-e1666618071682.jpg\",\"contentUrl\":\"http:\/\/aliancafrancesajuizdefora.com.br\/wp-content\/uploads\/2022\/10\/cropped-Captura-de-tela-2022-10-24-101020-e1666618071682.jpg\",\"width\":200,\"height\":47,\"caption\":\"Franc\u00eas com cultura\"},\"image\":{\"@id\":\"http:\/\/aliancafrancesajuizdefora.com.br\/#\/schema\/logo\/image\/\"}}]}<\/script>\n<!-- \/ Yoast SEO plugin. -->","yoast_head_json":{"title":"Estude na Fran\u00e7a - Franc\u00eas com cultura","description":"Saiba como estudar na Fran\u00e7a. Participe do Campus France na Alian\u00e7a Francesa de Juiz de Fora. Dia 18\/10\/2022, \u00e0s 18h. Inscri\u00e7\u00f5es abertas.","robots":{"index":"index","follow":"follow","max-snippet":"max-snippet:-1","max-image-preview":"max-image-preview:large","max-video-preview":"max-video-preview:-1"},"canonical":"http:\/\/aliancafrancesajuizdefora.com.br\/index.php\/estude-na-franca\/","og_locale":"pt_BR","og_type":"article","og_title":"Estude na Fran\u00e7a - Franc\u00eas com cultura","og_description":"Saiba como estudar na Fran\u00e7a. Participe do Campus France na Alian\u00e7a Francesa de Juiz de Fora. Dia 18\/10\/2022, \u00e0s 18h. Inscri\u00e7\u00f5es abertas.","og_url":"http:\/\/aliancafrancesajuizdefora.com.br\/index.php\/estude-na-franca\/","og_site_name":"Franc\u00eas com cultura","article_modified_time":"2022-11-29T14:35:43+00:00","og_image":[{"url":"http:\/\/aliancafrancesajuizdefora.com.br\/wp-content\/uploads\/2022\/11\/32-1-1024x1024.jpg","type":"","width":"","height":""}],"twitter_card":"summary_large_image","twitter_misc":{"Est. tempo de leitura":"1 minuto"},"schema":{"@context":"https:\/\/schema.org","@graph":[{"@type":"WebPage","@id":"http:\/\/aliancafrancesajuizdefora.com.br\/index.php\/estude-na-franca\/","url":"http:\/\/aliancafrancesajuizdefora.com.br\/index.php\/estude-na-franca\/","name":"Estude na Fran\u00e7a - Franc\u00eas com cultura","isPartOf":{"@id":"http:\/\/aliancafrancesajuizdefora.com.br\/#website"},"primaryImageOfPage":{"@id":"http:\/\/aliancafrancesajuizdefora.com.br\/index.php\/estude-na-franca\/#primaryimage"},"image":{"@id":"http:\/\/aliancafrancesajuizdefora.com.br\/index.php\/estude-na-franca\/#primaryimage"},"thumbnailUrl":"http:\/\/aliancafrancesajuizdefora.com.br\/wp-content\/uploads\/2022\/11\/32-1-1024x1024.jpg","datePublished":"2022-10-07T16:55:40+00:00","dateModified":"2022-11-29T14:35:43+00:00","description":"Saiba como estudar na Fran\u00e7a. Participe do Campus France na Alian\u00e7a Francesa de Juiz de Fora. Dia 18\/10\/2022, \u00e0s 18h. Inscri\u00e7\u00f5es abertas.","breadcrumb":{"@id":"http:\/\/aliancafrancesajuizdefora.com.br\/index.php\/estude-na-franca\/#breadcrumb"},"inLanguage":"pt-BR","potentialAction":[{"@type":"ReadAction","target":["http:\/\/aliancafrancesajuizdefora.com.br\/index.php\/estude-na-franca\/"]}]},{"@type":"ImageObject","inLanguage":"pt-BR","@id":"http:\/\/aliancafrancesajuizdefora.com.br\/index.php\/estude-na-franca\/#primaryimage","url":"http:\/\/aliancafrancesajuizdefora.com.br\/wp-content\/uploads\/2022\/11\/32-1.jpg","contentUrl":"http:\/\/aliancafrancesajuizdefora.com.br\/wp-content\/uploads\/2022\/11\/32-1.jpg","width":1080,"height":1080},{"@type":"BreadcrumbList","@id":"http:\/\/aliancafrancesajuizdefora.com.br\/index.php\/estude-na-franca\/#breadcrumb","itemListElement":[{"@type":"ListItem","position":1,"name":"In\u00edcio","item":"http:\/\/aliancafrancesajuizdefora.com.br\/"},{"@type":"ListItem","position":2,"name":"Estude na Fran\u00e7a"}]},{"@type":"WebSite","@id":"http:\/\/aliancafrancesajuizdefora.com.br\/#website","url":"http:\/\/aliancafrancesajuizdefora.com.br\/","name":"Franc\u00eas com cultura","description":"","publisher":{"@id":"http:\/\/aliancafrancesajuizdefora.com.br\/#organization"},"potentialAction":[{"@type":"SearchAction","target":{"@type":"EntryPoint","urlTemplate":"http:\/\/aliancafrancesajuizdefora.com.br\/?s={search_term_string}"},"query-input":{"@type":"PropertyValueSpecification","valueRequired":true,"valueName":"search_term_string"}}],"inLanguage":"pt-BR"},{"@type":"Organization","@id":"http:\/\/aliancafrancesajuizdefora.com.br\/#organization","name":"Franc\u00eas com cultura","url":"http:\/\/aliancafrancesajuizdefora.com.br\/","logo":{"@type":"ImageObject","inLanguage":"pt-BR","@id":"http:\/\/aliancafrancesajuizdefora.com.br\/#\/schema\/logo\/image\/","url":"http:\/\/aliancafrancesajuizdefora.com.br\/wp-content\/uploads\/2022\/10\/cropped-Captura-de-tela-2022-10-24-101020-e1666618071682.jpg","contentUrl":"http:\/\/aliancafrancesajuizdefora.com.br\/wp-content\/uploads\/2022\/10\/cropped-Captura-de-tela-2022-10-24-101020-e1666618071682.jpg","width":200,"height":47,"caption":"Franc\u00eas com cultura"},"image":{"@id":"http:\/\/aliancafrancesajuizdefora.com.br\/#\/schema\/logo\/image\/"}}]}},"uagb_featured_image_src":{"full":false,"thumbnail":false,"medium":false,"medium_large":false,"large":false,"1536x1536":false,"2048x2048":false,"educenter-slider":false,"educenter-large":false,"educenter-gallery":false,"educenter-team":false,"form-edit-image-preview":false},"uagb_author_info":{"display_name":"AFJuizdeFora","author_link":"http:\/\/aliancafrancesajuizdefora.com.br\/index.php\/author\/afjuizdefora\/"},"uagb_comment_info":0,"uagb_excerpt":"QUER ESTUDAR NA FRAN\u00c7A QUER ESTUDAR NA FRAN\u00c7A? Venha estudar na Fran\u00e7a com a Campus France, a ag\u00eancia oficial do governo franc\u00eas respons\u00e1vel pela promo\u00e7\u00e3o do ensino superior. Desde cursos de curta dura\u00e7\u00e3o, gradua\u00e7\u00e3o, mestrado, doutorado, a institui\u00e7\u00e3o fornece orienta\u00e7\u00f5es e informa\u00e7\u00f5es...","_links":{"self":[{"href":"http:\/\/aliancafrancesajuizdefora.com.br\/index.php\/wp-json\/wp\/v2\/pages\/9597","targetHints":{"allow":["GET"]}}],"collection":[{"href":"http:\/\/aliancafrancesajuizdefora.com.br\/index.php\/wp-json\/wp\/v2\/pages"}],"about":[{"href":"http:\/\/aliancafrancesajuizdefora.com.br\/index.php\/wp-json\/wp\/v2\/types\/page"}],"author":[{"embeddable":true,"href":"http:\/\/aliancafrancesajuizdefora.com.br\/index.php\/wp-json\/wp\/v2\/users\/1"}],"replies":[{"embeddable":true,"href":"http:\/\/aliancafrancesajuizdefora.com.br\/index.php\/wp-json\/wp\/v2\/comments?post=9597"}],"version-history":[{"count":108,"href":"http:\/\/aliancafrancesajuizdefora.com.br\/index.php\/wp-json\/wp\/v2\/pages\/9597\/revisions"}],"predecessor-version":[{"id":11091,"href":"http:\/\/aliancafrancesajuizdefora.com.br\/index.php\/wp-json\/wp\/v2\/pages\/9597\/revisions\/11091"}],"wp:attachment":[{"href":"http:\/\/aliancafrancesajuizdefora.com.br\/index.php\/wp-json\/wp\/v2\/media?parent=9597"}],"curies":[{"name":"wp","href":"https:\/\/api.w.org\/{rel}","templated":true}]}}