{"id":8846,"date":"2021-06-05T09:42:09","date_gmt":"2021-06-05T12:42:09","guid":{"rendered":"http:\/\/aliancafrancesajuizdefora.com.br\/index.php\/courses\/"},"modified":"2022-11-29T16:37:40","modified_gmt":"2022-11-29T19:37:40","slug":"cursos","status":"publish","type":"page","link":"http:\/\/aliancafrancesajuizdefora.com.br\/index.php\/cursos\/","title":{"rendered":"Cursos"},"content":{"rendered":"\t\t<div data-elementor-type=\"wp-page\" data-elementor-id=\"8846\" class=\"elementor elementor-8846\">\n\t\t\t\t\t\t<section class=\"elementor-section elementor-top-section elementor-element elementor-element-1902ae9 elementor-section-boxed elementor-section-height-default elementor-section-height-default\" data-id=\"1902ae9\" data-element_type=\"section\" data-e-type=\"section\">\n\t\t\t\t\t\t<div class=\"elementor-container elementor-column-gap-default\">\n\t\t\t\t\t<div class=\"elementor-column elementor-col-100 elementor-top-column elementor-element elementor-element-80bfdce\" data-id=\"80bfdce\" data-element_type=\"column\" data-e-type=\"column\">\n\t\t\t<div class=\"elementor-widget-wrap elementor-element-populated\">\n\t\t\t\t\t\t<div class=\"elementor-element elementor-element-b59a9d3 elementor-widget elementor-widget-heading\" data-id=\"b59a9d3\" data-element_type=\"widget\" data-e-type=\"widget\" data-widget_type=\"heading.default\">\n\t\t\t\t<div class=\"elementor-widget-container\">\n\t\t\t\t\t<h2 class=\"elementor-heading-title elementor-size-default\">Adicione o texto do seu t\u00edtulo aqui<\/h2>\t\t\t\t<\/div>\n\t\t\t\t<\/div>\n\t\t\t\t<div class=\"elementor-element elementor-element-2a276ad elementor-widget elementor-widget-heading\" data-id=\"2a276ad\" data-element_type=\"widget\" data-e-type=\"widget\" data-widget_type=\"heading.default\">\n\t\t\t\t<div class=\"elementor-widget-container\">\n\t\t\t\t\t<h2 class=\"elementor-heading-title elementor-size-default\">Adicione o texto do seu t\u00edtulo aqui<\/h2>\t\t\t\t<\/div>\n\t\t\t\t<\/div>\n\t\t\t\t<div class=\"elementor-element elementor-element-7e857fd elementor-widget elementor-widget-heading\" data-id=\"7e857fd\" data-element_type=\"widget\" data-e-type=\"widget\" data-widget_type=\"heading.default\">\n\t\t\t\t<div class=\"elementor-widget-container\">\n\t\t\t\t\t<h2 class=\"elementor-heading-title elementor-size-default\">Adicione o texto do seu t\u00edtulo aqui<\/h2>\t\t\t\t<\/div>\n\t\t\t\t<\/div>\n\t\t\t\t<div class=\"elementor-element elementor-element-ef1e3ed elementor-widget elementor-widget-heading\" data-id=\"ef1e3ed\" data-element_type=\"widget\" data-e-type=\"widget\" data-widget_type=\"heading.default\">\n\t\t\t\t<div class=\"elementor-widget-container\">\n\t\t\t\t\t<h2 class=\"elementor-heading-title elementor-size-default\">CURSOS E ATELIERS<br><\/h2>\t\t\t\t<\/div>\n\t\t\t\t<\/div>\n\t\t\t\t<div class=\"elementor-element elementor-element-1fc3dd0 elementor-widget elementor-widget-heading\" data-id=\"1fc3dd0\" data-element_type=\"widget\" data-e-type=\"widget\" data-widget_type=\"heading.default\">\n\t\t\t\t<div class=\"elementor-widget-container\">\n\t\t\t\t\t<h3 class=\"elementor-heading-title elementor-size-default\">Participe de nossos cursos para descobrir o franc\u00eas e aperfei\u00e7oar o seu n\u00edvel no idioma.<\/h3>\t\t\t\t<\/div>\n\t\t\t\t<\/div>\n\t\t\t\t<div class=\"elementor-element elementor-element-e52dd13 elementor-widget elementor-widget-image\" data-id=\"e52dd13\" data-element_type=\"widget\" data-e-type=\"widget\" data-widget_type=\"image.default\">\n\t\t\t\t<div class=\"elementor-widget-container\">\n\t\t\t\t\t\t\t\t\t\t\t\t\t\t\t<img fetchpriority=\"high\" decoding=\"async\" width=\"640\" height=\"360\" src=\"http:\/\/aliancafrancesajuizdefora.com.br\/wp-content\/uploads\/2022\/11\/10-4-1024x576.jpg\" class=\"attachment-large size-large wp-image-11240\" alt=\"\" srcset=\"http:\/\/aliancafrancesajuizdefora.com.br\/wp-content\/uploads\/2022\/11\/10-4-1024x576.jpg 1024w, http:\/\/aliancafrancesajuizdefora.com.br\/wp-content\/uploads\/2022\/11\/10-4-300x169.jpg 300w, http:\/\/aliancafrancesajuizdefora.com.br\/wp-content\/uploads\/2022\/11\/10-4-768x432.jpg 768w, http:\/\/aliancafrancesajuizdefora.com.br\/wp-content\/uploads\/2022\/11\/10-4-1536x864.jpg 1536w, http:\/\/aliancafrancesajuizdefora.com.br\/wp-content\/uploads\/2022\/11\/10-4-206x116.jpg 206w, http:\/\/aliancafrancesajuizdefora.com.br\/wp-content\/uploads\/2022\/11\/10-4.jpg 1920w\" sizes=\"(max-width: 640px) 100vw, 640px\" \/>\t\t\t\t\t\t\t\t\t\t\t\t\t\t\t<\/div>\n\t\t\t\t<\/div>\n\t\t\t\t<div class=\"elementor-element elementor-element-7c25306 elementor-widget elementor-widget-heading\" data-id=\"7c25306\" data-element_type=\"widget\" data-e-type=\"widget\" data-widget_type=\"heading.default\">\n\t\t\t\t<div class=\"elementor-widget-container\">\n\t\t\t\t\t<h2 class=\"elementor-heading-title elementor-size-default\">Descubra nossas ofertas<\/h2>\t\t\t\t<\/div>\n\t\t\t\t<\/div>\n\t\t\t\t<div class=\"elementor-element elementor-element-39334f8 elementor-widget elementor-widget-button\" data-id=\"39334f8\" data-element_type=\"widget\" data-e-type=\"widget\" data-widget_type=\"button.default\">\n\t\t\t\t<div class=\"elementor-widget-container\">\n\t\t\t\t\t\t\t\t\t<div class=\"elementor-button-wrapper\">\n\t\t\t\t\t<a class=\"elementor-button elementor-button-link elementor-size-sm\" href=\"https:\/\/api.whatsapp.com\/send?1=pt_BR&#038;phone=5532988602668\">\n\t\t\t\t\t\t<span class=\"elementor-button-content-wrapper\">\n\t\t\t\t\t\t\t\t\t<span class=\"elementor-button-text\">CHAMA A ALIAN\u00c7A<\/span>\n\t\t\t\t\t<\/span>\n\t\t\t\t\t<\/a>\n\t\t\t\t<\/div>\n\t\t\t\t\t\t\t\t<\/div>\n\t\t\t\t<\/div>\n\t\t\t\t\t<\/div>\n\t\t<\/div>\n\t\t\t\t\t<\/div>\n\t\t<\/section>\n\t\t\t\t<\/div>\n\t\t","protected":false},"excerpt":{"rendered":"<p>Adicione o texto do seu t\u00edtulo aqui Adicione o texto do seu t\u00edtulo aqui Adicione o texto do seu t\u00edtulo aqui CURSOS E ATELIERS Participe de nossos cursos para descobrir o franc\u00eas e aperfei\u00e7oar o seu n\u00edvel no idioma. Descubra nossas ofertas&#8230;<\/p>\n","protected":false},"author":1,"featured_media":0,"parent":0,"menu_order":0,"comment_status":"closed","ping_status":"closed","template":"elementor_header_footer","meta":{"_uag_custom_page_level_css":"","footnotes":""},"class_list":["post-8846","page","type-page","status-publish","hentry"],"yoast_head":"<!-- This site is optimized with the Yoast SEO plugin v26.1.1 - https:\/\/yoast.com\/wordpress\/plugins\/seo\/ -->\n<title>Cursos - Franc\u00eas com cultura<\/title>\n<meta name=\"robots\" content=\"index, follow, max-snippet:-1, max-image-preview:large, max-video-preview:-1\" \/>\n<link rel=\"canonical\" href=\"http:\/\/aliancafrancesajuizdefora.com.br\/index.php\/cursos\/\" \/>\n<meta property=\"og:locale\" content=\"pt_BR\" \/>\n<meta property=\"og:type\" content=\"article\" \/>\n<meta property=\"og:title\" content=\"Cursos - Franc\u00eas com cultura\" \/>\n<meta property=\"og:description\" content=\"Adicione o texto do seu t\u00edtulo aqui Adicione o texto do seu t\u00edtulo aqui Adicione o texto do seu t\u00edtulo aqui CURSOS E ATELIERS Participe de nossos cursos para descobrir o franc\u00eas e aperfei\u00e7oar o seu n\u00edvel no idioma. Descubra nossas ofertas...\" \/>\n<meta property=\"og:url\" content=\"http:\/\/aliancafrancesajuizdefora.com.br\/index.php\/cursos\/\" \/>\n<meta property=\"og:site_name\" content=\"Franc\u00eas com cultura\" \/>\n<meta property=\"article:modified_time\" content=\"2022-11-29T19:37:40+00:00\" \/>\n<meta property=\"og:image\" content=\"http:\/\/aliancafrancesajuizdefora.com.br\/wp-content\/uploads\/2022\/11\/10-4-1024x576.jpg\" \/>\n<meta name=\"twitter:card\" content=\"summary_large_image\" \/>\n<meta name=\"twitter:label1\" content=\"Est. tempo de leitura\" \/>\n\t<meta name=\"twitter:data1\" content=\"1 minuto\" \/>\n<script type=\"application\/ld+json\" class=\"yoast-schema-graph\">{\"@context\":\"https:\/\/schema.org\",\"@graph\":[{\"@type\":\"WebPage\",\"@id\":\"http:\/\/aliancafrancesajuizdefora.com.br\/index.php\/cursos\/\",\"url\":\"http:\/\/aliancafrancesajuizdefora.com.br\/index.php\/cursos\/\",\"name\":\"Cursos - Franc\u00eas com cultura\",\"isPartOf\":{\"@id\":\"http:\/\/aliancafrancesajuizdefora.com.br\/#website\"},\"primaryImageOfPage\":{\"@id\":\"http:\/\/aliancafrancesajuizdefora.com.br\/index.php\/cursos\/#primaryimage\"},\"image\":{\"@id\":\"http:\/\/aliancafrancesajuizdefora.com.br\/index.php\/cursos\/#primaryimage\"},\"thumbnailUrl\":\"http:\/\/aliancafrancesajuizdefora.com.br\/wp-content\/uploads\/2022\/11\/10-4-1024x576.jpg\",\"datePublished\":\"2021-06-05T12:42:09+00:00\",\"dateModified\":\"2022-11-29T19:37:40+00:00\",\"breadcrumb\":{\"@id\":\"http:\/\/aliancafrancesajuizdefora.com.br\/index.php\/cursos\/#breadcrumb\"},\"inLanguage\":\"pt-BR\",\"potentialAction\":[{\"@type\":\"ReadAction\",\"target\":[\"http:\/\/aliancafrancesajuizdefora.com.br\/index.php\/cursos\/\"]}]},{\"@type\":\"ImageObject\",\"inLanguage\":\"pt-BR\",\"@id\":\"http:\/\/aliancafrancesajuizdefora.com.br\/index.php\/cursos\/#primaryimage\",\"url\":\"http:\/\/aliancafrancesajuizdefora.com.br\/wp-content\/uploads\/2022\/11\/10-4.jpg\",\"contentUrl\":\"http:\/\/aliancafrancesajuizdefora.com.br\/wp-content\/uploads\/2022\/11\/10-4.jpg\",\"width\":1920,\"height\":1080},{\"@type\":\"BreadcrumbList\",\"@id\":\"http:\/\/aliancafrancesajuizdefora.com.br\/index.php\/cursos\/#breadcrumb\",\"itemListElement\":[{\"@type\":\"ListItem\",\"position\":1,\"name\":\"In\u00edcio\",\"item\":\"http:\/\/aliancafrancesajuizdefora.com.br\/\"},{\"@type\":\"ListItem\",\"position\":2,\"name\":\"Cursos\"}]},{\"@type\":\"WebSite\",\"@id\":\"http:\/\/aliancafrancesajuizdefora.com.br\/#website\",\"url\":\"http:\/\/aliancafrancesajuizdefora.com.br\/\",\"name\":\"Franc\u00eas com cultura\",\"description\":\"\",\"publisher\":{\"@id\":\"http:\/\/aliancafrancesajuizdefora.com.br\/#organization\"},\"potentialAction\":[{\"@type\":\"SearchAction\",\"target\":{\"@type\":\"EntryPoint\",\"urlTemplate\":\"http:\/\/aliancafrancesajuizdefora.com.br\/?s={search_term_string}\"},\"query-input\":{\"@type\":\"PropertyValueSpecification\",\"valueRequired\":true,\"valueName\":\"search_term_string\"}}],\"inLanguage\":\"pt-BR\"},{\"@type\":\"Organization\",\"@id\":\"http:\/\/aliancafrancesajuizdefora.com.br\/#organization\",\"name\":\"Franc\u00eas com cultura\",\"url\":\"http:\/\/aliancafrancesajuizdefora.com.br\/\",\"logo\":{\"@type\":\"ImageObject\",\"inLanguage\":\"pt-BR\",\"@id\":\"http:\/\/aliancafrancesajuizdefora.com.br\/#\/schema\/logo\/image\/\",\"url\":\"http:\/\/aliancafrancesajuizdefora.com.br\/wp-content\/uploads\/2022\/10\/cropped-Captura-de-tela-2022-10-24-101020-e1666618071682.jpg\",\"contentUrl\":\"http:\/\/aliancafrancesajuizdefora.com.br\/wp-content\/uploads\/2022\/10\/cropped-Captura-de-tela-2022-10-24-101020-e1666618071682.jpg\",\"width\":200,\"height\":47,\"caption\":\"Franc\u00eas com cultura\"},\"image\":{\"@id\":\"http:\/\/aliancafrancesajuizdefora.com.br\/#\/schema\/logo\/image\/\"}}]}<\/script>\n<!-- \/ Yoast SEO plugin. -->","yoast_head_json":{"title":"Cursos - Franc\u00eas com cultura","robots":{"index":"index","follow":"follow","max-snippet":"max-snippet:-1","max-image-preview":"max-image-preview:large","max-video-preview":"max-video-preview:-1"},"canonical":"http:\/\/aliancafrancesajuizdefora.com.br\/index.php\/cursos\/","og_locale":"pt_BR","og_type":"article","og_title":"Cursos - Franc\u00eas com cultura","og_description":"Adicione o texto do seu t\u00edtulo aqui Adicione o texto do seu t\u00edtulo aqui Adicione o texto do seu t\u00edtulo aqui CURSOS E ATELIERS Participe de nossos cursos para descobrir o franc\u00eas e aperfei\u00e7oar o seu n\u00edvel no idioma. Descubra nossas ofertas...","og_url":"http:\/\/aliancafrancesajuizdefora.com.br\/index.php\/cursos\/","og_site_name":"Franc\u00eas com cultura","article_modified_time":"2022-11-29T19:37:40+00:00","og_image":[{"url":"http:\/\/aliancafrancesajuizdefora.com.br\/wp-content\/uploads\/2022\/11\/10-4-1024x576.jpg","type":"","width":"","height":""}],"twitter_card":"summary_large_image","twitter_misc":{"Est. tempo de leitura":"1 minuto"},"schema":{"@context":"https:\/\/schema.org","@graph":[{"@type":"WebPage","@id":"http:\/\/aliancafrancesajuizdefora.com.br\/index.php\/cursos\/","url":"http:\/\/aliancafrancesajuizdefora.com.br\/index.php\/cursos\/","name":"Cursos - Franc\u00eas com cultura","isPartOf":{"@id":"http:\/\/aliancafrancesajuizdefora.com.br\/#website"},"primaryImageOfPage":{"@id":"http:\/\/aliancafrancesajuizdefora.com.br\/index.php\/cursos\/#primaryimage"},"image":{"@id":"http:\/\/aliancafrancesajuizdefora.com.br\/index.php\/cursos\/#primaryimage"},"thumbnailUrl":"http:\/\/aliancafrancesajuizdefora.com.br\/wp-content\/uploads\/2022\/11\/10-4-1024x576.jpg","datePublished":"2021-06-05T12:42:09+00:00","dateModified":"2022-11-29T19:37:40+00:00","breadcrumb":{"@id":"http:\/\/aliancafrancesajuizdefora.com.br\/index.php\/cursos\/#breadcrumb"},"inLanguage":"pt-BR","potentialAction":[{"@type":"ReadAction","target":["http:\/\/aliancafrancesajuizdefora.com.br\/index.php\/cursos\/"]}]},{"@type":"ImageObject","inLanguage":"pt-BR","@id":"http:\/\/aliancafrancesajuizdefora.com.br\/index.php\/cursos\/#primaryimage","url":"http:\/\/aliancafrancesajuizdefora.com.br\/wp-content\/uploads\/2022\/11\/10-4.jpg","contentUrl":"http:\/\/aliancafrancesajuizdefora.com.br\/wp-content\/uploads\/2022\/11\/10-4.jpg","width":1920,"height":1080},{"@type":"BreadcrumbList","@id":"http:\/\/aliancafrancesajuizdefora.com.br\/index.php\/cursos\/#breadcrumb","itemListElement":[{"@type":"ListItem","position":1,"name":"In\u00edcio","item":"http:\/\/aliancafrancesajuizdefora.com.br\/"},{"@type":"ListItem","position":2,"name":"Cursos"}]},{"@type":"WebSite","@id":"http:\/\/aliancafrancesajuizdefora.com.br\/#website","url":"http:\/\/aliancafrancesajuizdefora.com.br\/","name":"Franc\u00eas com cultura","description":"","publisher":{"@id":"http:\/\/aliancafrancesajuizdefora.com.br\/#organization"},"potentialAction":[{"@type":"SearchAction","target":{"@type":"EntryPoint","urlTemplate":"http:\/\/aliancafrancesajuizdefora.com.br\/?s={search_term_string}"},"query-input":{"@type":"PropertyValueSpecification","valueRequired":true,"valueName":"search_term_string"}}],"inLanguage":"pt-BR"},{"@type":"Organization","@id":"http:\/\/aliancafrancesajuizdefora.com.br\/#organization","name":"Franc\u00eas com cultura","url":"http:\/\/aliancafrancesajuizdefora.com.br\/","logo":{"@type":"ImageObject","inLanguage":"pt-BR","@id":"http:\/\/aliancafrancesajuizdefora.com.br\/#\/schema\/logo\/image\/","url":"http:\/\/aliancafrancesajuizdefora.com.br\/wp-content\/uploads\/2022\/10\/cropped-Captura-de-tela-2022-10-24-101020-e1666618071682.jpg","contentUrl":"http:\/\/aliancafrancesajuizdefora.com.br\/wp-content\/uploads\/2022\/10\/cropped-Captura-de-tela-2022-10-24-101020-e1666618071682.jpg","width":200,"height":47,"caption":"Franc\u00eas com cultura"},"image":{"@id":"http:\/\/aliancafrancesajuizdefora.com.br\/#\/schema\/logo\/image\/"}}]}},"uagb_featured_image_src":{"full":false,"thumbnail":false,"medium":false,"medium_large":false,"large":false,"1536x1536":false,"2048x2048":false,"educenter-slider":false,"educenter-large":false,"educenter-gallery":false,"educenter-team":false,"form-edit-image-preview":false},"uagb_author_info":{"display_name":"AFJuizdeFora","author_link":"http:\/\/aliancafrancesajuizdefora.com.br\/index.php\/author\/afjuizdefora\/"},"uagb_comment_info":0,"uagb_excerpt":"Adicione o texto do seu t\u00edtulo aqui Adicione o texto do seu t\u00edtulo aqui Adicione o texto do seu t\u00edtulo aqui CURSOS E ATELIERS Participe de nossos cursos para descobrir o franc\u00eas e aperfei\u00e7oar o seu n\u00edvel no idioma. Descubra nossas ofertas...","_links":{"self":[{"href":"http:\/\/aliancafrancesajuizdefora.com.br\/index.php\/wp-json\/wp\/v2\/pages\/8846","targetHints":{"allow":["GET"]}}],"collection":[{"href":"http:\/\/aliancafrancesajuizdefora.com.br\/index.php\/wp-json\/wp\/v2\/pages"}],"about":[{"href":"http:\/\/aliancafrancesajuizdefora.com.br\/index.php\/wp-json\/wp\/v2\/types\/page"}],"author":[{"embeddable":true,"href":"http:\/\/aliancafrancesajuizdefora.com.br\/index.php\/wp-json\/wp\/v2\/users\/1"}],"replies":[{"embeddable":true,"href":"http:\/\/aliancafrancesajuizdefora.com.br\/index.php\/wp-json\/wp\/v2\/comments?post=8846"}],"version-history":[{"count":122,"href":"http:\/\/aliancafrancesajuizdefora.com.br\/index.php\/wp-json\/wp\/v2\/pages\/8846\/revisions"}],"predecessor-version":[{"id":11280,"href":"http:\/\/aliancafrancesajuizdefora.com.br\/index.php\/wp-json\/wp\/v2\/pages\/8846\/revisions\/11280"}],"wp:attachment":[{"href":"http:\/\/aliancafrancesajuizdefora.com.br\/index.php\/wp-json\/wp\/v2\/media?parent=8846"}],"curies":[{"name":"wp","href":"https:\/\/api.w.org\/{rel}","templated":true}]}}