{"id":78,"date":"2018-02-25T09:02:31","date_gmt":"2018-02-25T09:02:31","guid":{"rendered":"http:\/\/aliancafrancesajuizdefora.com.br\/index.php\/master-of-business-administration\/"},"modified":"2023-02-13T14:33:56","modified_gmt":"2023-02-13T17:33:56","slug":"master-of-business-administration","status":"publish","type":"page","link":"http:\/\/aliancafrancesajuizdefora.com.br\/index.php\/master-of-business-administration\/","title":{"rendered":"Curso Regular"},"content":{"rendered":"\t\t<div data-elementor-type=\"wp-page\" data-elementor-id=\"78\" class=\"elementor elementor-78\">\n\t\t\t\t\t\t<section class=\"elementor-section elementor-top-section elementor-element elementor-element-05dbdff elementor-section-boxed elementor-section-height-default elementor-section-height-default\" data-id=\"05dbdff\" data-element_type=\"section\" data-e-type=\"section\">\n\t\t\t\t\t\t<div class=\"elementor-container elementor-column-gap-default\">\n\t\t\t\t\t<div class=\"elementor-column elementor-col-50 elementor-top-column elementor-element elementor-element-1446301\" data-id=\"1446301\" data-element_type=\"column\" data-e-type=\"column\">\n\t\t\t<div class=\"elementor-widget-wrap elementor-element-populated\">\n\t\t\t\t\t\t<div class=\"elementor-element elementor-element-b164ad9 elementor-widget elementor-widget-heading\" data-id=\"b164ad9\" data-element_type=\"widget\" data-e-type=\"widget\" data-widget_type=\"heading.default\">\n\t\t\t\t<div class=\"elementor-widget-container\">\n\t\t\t\t\t<h2 class=\"elementor-heading-title elementor-size-default\">Adicione o texto do seu t\u00edtulo aqui<\/h2>\t\t\t\t<\/div>\n\t\t\t\t<\/div>\n\t\t\t\t\t<\/div>\n\t\t<\/div>\n\t\t\t\t<div class=\"elementor-column elementor-col-50 elementor-top-column elementor-element elementor-element-26dcf4e\" data-id=\"26dcf4e\" data-element_type=\"column\" data-e-type=\"column\">\n\t\t\t<div class=\"elementor-widget-wrap\">\n\t\t\t\t\t\t\t<\/div>\n\t\t<\/div>\n\t\t\t\t\t<\/div>\n\t\t<\/section>\n\t\t\t\t<section class=\"elementor-section elementor-top-section elementor-element elementor-element-f0b2320 elementor-section-boxed elementor-section-height-default elementor-section-height-default\" data-id=\"f0b2320\" data-element_type=\"section\" data-e-type=\"section\">\n\t\t\t\t\t\t<div class=\"elementor-container elementor-column-gap-default\">\n\t\t\t\t\t<div class=\"elementor-column elementor-col-50 elementor-top-column elementor-element elementor-element-1eb0470\" data-id=\"1eb0470\" data-element_type=\"column\" data-e-type=\"column\">\n\t\t\t<div class=\"elementor-widget-wrap elementor-element-populated\">\n\t\t\t\t\t\t<div class=\"elementor-element elementor-element-7bedca5 elementor-widget elementor-widget-heading\" data-id=\"7bedca5\" data-element_type=\"widget\" data-e-type=\"widget\" data-widget_type=\"heading.default\">\n\t\t\t\t<div class=\"elementor-widget-container\">\n\t\t\t\t\t<h2 class=\"elementor-heading-title elementor-size-default\">CURSOS REGULARES<br><\/h2>\t\t\t\t<\/div>\n\t\t\t\t<\/div>\n\t\t\t\t<div class=\"elementor-element elementor-element-213f907 elementor-widget elementor-widget-text-editor\" data-id=\"213f907\" data-element_type=\"widget\" data-e-type=\"widget\" data-widget_type=\"text-editor.default\">\n\t\t\t\t<div class=\"elementor-widget-container\">\n\t\t\t\t\t\t\t\t\t<h6>&nbsp;<\/h6>\n<h3 style=\"font-weight: 400;\"><strong>Voc\u00ea quer aprender franc\u00eas de maneira eficaz?&nbsp;&nbsp;<\/strong><\/h3>\n<p>Aprenda franc\u00eas ou aperfei\u00e7oe seu n\u00edvel no idioma em uma institui\u00e7\u00e3o de refer\u00eancia internacional. Inscreva-se em uma de nossas forma\u00e7\u00f5es <strong><em>online, presenciais ou FLEX (h\u00edbrido).<\/em><\/strong>&nbsp;<\/p>\n<p>Franc\u00eas para todos os n\u00edveis, desde o iniciante (A1), ao n\u00edvel de flu\u00eancia (C1), de acordo com o Quadro Europeu Comum de Refer\u00eancia para as l\u00ednguas (CECR \u2013 Cadre Europ\u00e9en Commun de R\u00e9f\u00e9rence pour les langues).&nbsp;<span style=\"font-family: var( --e-global-typography-text-font-family ), Sans-serif; font-weight: var( --e-global-typography-text-font-weight );\">Descubra nossas ofertas.<\/span><\/p>\n<blockquote>\n<p><strong>Informa\u00e7\u00f5es<\/strong><\/p>\n<ul class=\"list-inline mb-2\">\n<li>20 h\/mensais<\/li>\n<li class=\"list-inline-item\">Cursos presenciais, online e flex (h\u00edbrido)<\/li>\n<li class=\"list-inline-item\">Material did\u00e1tico: D\u00e9fi &#8211; m\u00e9todo exclusivo da Alian\u00e7a Francesa<\/li>\n<li class=\"list-inline-item\">N\u00edveis : A1 \u00e0 C2<\/li>\n<\/ul>\n<\/blockquote>\n<p>Quer saber mais? Converse com nossa equipe.<\/p>\t\t\t\t\t\t\t\t<\/div>\n\t\t\t\t<\/div>\n\t\t\t\t<div class=\"elementor-element elementor-element-d1db62c elementor-widget elementor-widget-button\" data-id=\"d1db62c\" data-element_type=\"widget\" data-e-type=\"widget\" data-widget_type=\"button.default\">\n\t\t\t\t<div class=\"elementor-widget-container\">\n\t\t\t\t\t\t\t\t\t<div class=\"elementor-button-wrapper\">\n\t\t\t\t\t<a class=\"elementor-button elementor-button-link elementor-size-sm\" href=\"https:\/\/api.whatsapp.com\/send?1=pt_BR&#038;phone=5532988602668\">\n\t\t\t\t\t\t<span class=\"elementor-button-content-wrapper\">\n\t\t\t\t\t\t\t\t\t<span class=\"elementor-button-text\">CHAMA A ALIAN\u00c7A<\/span>\n\t\t\t\t\t<\/span>\n\t\t\t\t\t<\/a>\n\t\t\t\t<\/div>\n\t\t\t\t\t\t\t\t<\/div>\n\t\t\t\t<\/div>\n\t\t\t\t\t<\/div>\n\t\t<\/div>\n\t\t\t\t<div class=\"elementor-column elementor-col-50 elementor-top-column elementor-element elementor-element-64ff8ae\" data-id=\"64ff8ae\" data-element_type=\"column\" data-e-type=\"column\">\n\t\t\t<div class=\"elementor-widget-wrap elementor-element-populated\">\n\t\t\t\t\t\t<div class=\"elementor-element elementor-element-cd397db elementor-widget elementor-widget-image\" data-id=\"cd397db\" data-element_type=\"widget\" data-e-type=\"widget\" data-widget_type=\"image.default\">\n\t\t\t\t<div class=\"elementor-widget-container\">\n\t\t\t\t\t\t\t\t\t\t\t\t\t\t\t<img fetchpriority=\"high\" decoding=\"async\" width=\"640\" height=\"640\" src=\"http:\/\/aliancafrancesajuizdefora.com.br\/wp-content\/uploads\/2022\/11\/6-4-1024x1024.jpg\" class=\"attachment-large size-large wp-image-10877\" alt=\"\" srcset=\"http:\/\/aliancafrancesajuizdefora.com.br\/wp-content\/uploads\/2022\/11\/6-4-1024x1024.jpg 1024w, http:\/\/aliancafrancesajuizdefora.com.br\/wp-content\/uploads\/2022\/11\/6-4-300x300.jpg 300w, http:\/\/aliancafrancesajuizdefora.com.br\/wp-content\/uploads\/2022\/11\/6-4-150x150.jpg 150w, http:\/\/aliancafrancesajuizdefora.com.br\/wp-content\/uploads\/2022\/11\/6-4-768x768.jpg 768w, http:\/\/aliancafrancesajuizdefora.com.br\/wp-content\/uploads\/2022\/11\/6-4-116x116.jpg 116w, http:\/\/aliancafrancesajuizdefora.com.br\/wp-content\/uploads\/2022\/11\/6-4.jpg 1080w\" sizes=\"(max-width: 640px) 100vw, 640px\" \/>\t\t\t\t\t\t\t\t\t\t\t\t\t\t\t<\/div>\n\t\t\t\t<\/div>\n\t\t\t\t\t<\/div>\n\t\t<\/div>\n\t\t\t\t\t<\/div>\n\t\t<\/section>\n\t\t\t\t<\/div>\n\t\t","protected":false},"excerpt":{"rendered":"<p>Adicione o texto do seu t\u00edtulo aqui CURSOS REGULARES &nbsp; Voc\u00ea quer aprender franc\u00eas de maneira eficaz?&nbsp;&nbsp; Aprenda franc\u00eas ou aperfei\u00e7oe seu n\u00edvel no idioma em uma institui\u00e7\u00e3o de refer\u00eancia internacional. Inscreva-se em uma de nossas forma\u00e7\u00f5es online, presenciais ou FLEX (h\u00edbrido).&nbsp;&#8230;<\/p>\n","protected":false},"author":1,"featured_media":10877,"parent":0,"menu_order":0,"comment_status":"closed","ping_status":"closed","template":"elementor_header_footer","meta":{"_uag_custom_page_level_css":"","footnotes":""},"class_list":["post-78","page","type-page","status-publish","has-post-thumbnail","hentry"],"yoast_head":"<!-- This site is optimized with the Yoast SEO plugin v26.1.1 - https:\/\/yoast.com\/wordpress\/plugins\/seo\/ -->\n<title>Curso Regular - Franc\u00eas com cultura<\/title>\n<meta name=\"robots\" content=\"index, follow, max-snippet:-1, max-image-preview:large, max-video-preview:-1\" \/>\n<link rel=\"canonical\" href=\"http:\/\/aliancafrancesajuizdefora.com.br\/index.php\/master-of-business-administration\/\" \/>\n<meta property=\"og:locale\" content=\"pt_BR\" \/>\n<meta property=\"og:type\" content=\"article\" \/>\n<meta property=\"og:title\" content=\"Curso Regular - Franc\u00eas com cultura\" \/>\n<meta property=\"og:description\" content=\"Adicione o texto do seu t\u00edtulo aqui CURSOS REGULARES &nbsp; Voc\u00ea quer aprender franc\u00eas de maneira eficaz?&nbsp;&nbsp; Aprenda franc\u00eas ou aperfei\u00e7oe seu n\u00edvel no idioma em uma institui\u00e7\u00e3o de refer\u00eancia internacional. Inscreva-se em uma de nossas forma\u00e7\u00f5es online, presenciais ou FLEX (h\u00edbrido).&nbsp;...\" \/>\n<meta property=\"og:url\" content=\"http:\/\/aliancafrancesajuizdefora.com.br\/index.php\/master-of-business-administration\/\" \/>\n<meta property=\"og:site_name\" content=\"Franc\u00eas com cultura\" \/>\n<meta property=\"article:modified_time\" content=\"2023-02-13T17:33:56+00:00\" \/>\n<meta property=\"og:image\" content=\"http:\/\/aliancafrancesajuizdefora.com.br\/wp-content\/uploads\/2022\/11\/6-4.jpg\" \/>\n\t<meta property=\"og:image:width\" content=\"1080\" \/>\n\t<meta property=\"og:image:height\" content=\"1080\" \/>\n\t<meta property=\"og:image:type\" content=\"image\/jpeg\" \/>\n<meta name=\"twitter:card\" content=\"summary_large_image\" \/>\n<meta name=\"twitter:label1\" content=\"Est. tempo de leitura\" \/>\n\t<meta name=\"twitter:data1\" content=\"1 minuto\" \/>\n<script type=\"application\/ld+json\" class=\"yoast-schema-graph\">{\"@context\":\"https:\/\/schema.org\",\"@graph\":[{\"@type\":\"WebPage\",\"@id\":\"http:\/\/aliancafrancesajuizdefora.com.br\/index.php\/master-of-business-administration\/\",\"url\":\"http:\/\/aliancafrancesajuizdefora.com.br\/index.php\/master-of-business-administration\/\",\"name\":\"Curso Regular - Franc\u00eas com cultura\",\"isPartOf\":{\"@id\":\"http:\/\/aliancafrancesajuizdefora.com.br\/#website\"},\"primaryImageOfPage\":{\"@id\":\"http:\/\/aliancafrancesajuizdefora.com.br\/index.php\/master-of-business-administration\/#primaryimage\"},\"image\":{\"@id\":\"http:\/\/aliancafrancesajuizdefora.com.br\/index.php\/master-of-business-administration\/#primaryimage\"},\"thumbnailUrl\":\"http:\/\/aliancafrancesajuizdefora.com.br\/wp-content\/uploads\/2022\/11\/6-4.jpg\",\"datePublished\":\"2018-02-25T09:02:31+00:00\",\"dateModified\":\"2023-02-13T17:33:56+00:00\",\"breadcrumb\":{\"@id\":\"http:\/\/aliancafrancesajuizdefora.com.br\/index.php\/master-of-business-administration\/#breadcrumb\"},\"inLanguage\":\"pt-BR\",\"potentialAction\":[{\"@type\":\"ReadAction\",\"target\":[\"http:\/\/aliancafrancesajuizdefora.com.br\/index.php\/master-of-business-administration\/\"]}]},{\"@type\":\"ImageObject\",\"inLanguage\":\"pt-BR\",\"@id\":\"http:\/\/aliancafrancesajuizdefora.com.br\/index.php\/master-of-business-administration\/#primaryimage\",\"url\":\"http:\/\/aliancafrancesajuizdefora.com.br\/wp-content\/uploads\/2022\/11\/6-4.jpg\",\"contentUrl\":\"http:\/\/aliancafrancesajuizdefora.com.br\/wp-content\/uploads\/2022\/11\/6-4.jpg\",\"width\":1080,\"height\":1080},{\"@type\":\"BreadcrumbList\",\"@id\":\"http:\/\/aliancafrancesajuizdefora.com.br\/index.php\/master-of-business-administration\/#breadcrumb\",\"itemListElement\":[{\"@type\":\"ListItem\",\"position\":1,\"name\":\"In\u00edcio\",\"item\":\"http:\/\/aliancafrancesajuizdefora.com.br\/\"},{\"@type\":\"ListItem\",\"position\":2,\"name\":\"Curso Regular\"}]},{\"@type\":\"WebSite\",\"@id\":\"http:\/\/aliancafrancesajuizdefora.com.br\/#website\",\"url\":\"http:\/\/aliancafrancesajuizdefora.com.br\/\",\"name\":\"Franc\u00eas com cultura\",\"description\":\"\",\"publisher\":{\"@id\":\"http:\/\/aliancafrancesajuizdefora.com.br\/#organization\"},\"potentialAction\":[{\"@type\":\"SearchAction\",\"target\":{\"@type\":\"EntryPoint\",\"urlTemplate\":\"http:\/\/aliancafrancesajuizdefora.com.br\/?s={search_term_string}\"},\"query-input\":{\"@type\":\"PropertyValueSpecification\",\"valueRequired\":true,\"valueName\":\"search_term_string\"}}],\"inLanguage\":\"pt-BR\"},{\"@type\":\"Organization\",\"@id\":\"http:\/\/aliancafrancesajuizdefora.com.br\/#organization\",\"name\":\"Franc\u00eas com cultura\",\"url\":\"http:\/\/aliancafrancesajuizdefora.com.br\/\",\"logo\":{\"@type\":\"ImageObject\",\"inLanguage\":\"pt-BR\",\"@id\":\"http:\/\/aliancafrancesajuizdefora.com.br\/#\/schema\/logo\/image\/\",\"url\":\"http:\/\/aliancafrancesajuizdefora.com.br\/wp-content\/uploads\/2022\/10\/cropped-Captura-de-tela-2022-10-24-101020-e1666618071682.jpg\",\"contentUrl\":\"http:\/\/aliancafrancesajuizdefora.com.br\/wp-content\/uploads\/2022\/10\/cropped-Captura-de-tela-2022-10-24-101020-e1666618071682.jpg\",\"width\":200,\"height\":47,\"caption\":\"Franc\u00eas com cultura\"},\"image\":{\"@id\":\"http:\/\/aliancafrancesajuizdefora.com.br\/#\/schema\/logo\/image\/\"}}]}<\/script>\n<!-- \/ Yoast SEO plugin. -->","yoast_head_json":{"title":"Curso Regular - Franc\u00eas com cultura","robots":{"index":"index","follow":"follow","max-snippet":"max-snippet:-1","max-image-preview":"max-image-preview:large","max-video-preview":"max-video-preview:-1"},"canonical":"http:\/\/aliancafrancesajuizdefora.com.br\/index.php\/master-of-business-administration\/","og_locale":"pt_BR","og_type":"article","og_title":"Curso Regular - Franc\u00eas com cultura","og_description":"Adicione o texto do seu t\u00edtulo aqui CURSOS REGULARES &nbsp; Voc\u00ea quer aprender franc\u00eas de maneira eficaz?&nbsp;&nbsp; Aprenda franc\u00eas ou aperfei\u00e7oe seu n\u00edvel no idioma em uma institui\u00e7\u00e3o de refer\u00eancia internacional. Inscreva-se em uma de nossas forma\u00e7\u00f5es online, presenciais ou FLEX (h\u00edbrido).&nbsp;...","og_url":"http:\/\/aliancafrancesajuizdefora.com.br\/index.php\/master-of-business-administration\/","og_site_name":"Franc\u00eas com cultura","article_modified_time":"2023-02-13T17:33:56+00:00","og_image":[{"width":1080,"height":1080,"url":"http:\/\/aliancafrancesajuizdefora.com.br\/wp-content\/uploads\/2022\/11\/6-4.jpg","type":"image\/jpeg"}],"twitter_card":"summary_large_image","twitter_misc":{"Est. tempo de leitura":"1 minuto"},"schema":{"@context":"https:\/\/schema.org","@graph":[{"@type":"WebPage","@id":"http:\/\/aliancafrancesajuizdefora.com.br\/index.php\/master-of-business-administration\/","url":"http:\/\/aliancafrancesajuizdefora.com.br\/index.php\/master-of-business-administration\/","name":"Curso Regular - Franc\u00eas com cultura","isPartOf":{"@id":"http:\/\/aliancafrancesajuizdefora.com.br\/#website"},"primaryImageOfPage":{"@id":"http:\/\/aliancafrancesajuizdefora.com.br\/index.php\/master-of-business-administration\/#primaryimage"},"image":{"@id":"http:\/\/aliancafrancesajuizdefora.com.br\/index.php\/master-of-business-administration\/#primaryimage"},"thumbnailUrl":"http:\/\/aliancafrancesajuizdefora.com.br\/wp-content\/uploads\/2022\/11\/6-4.jpg","datePublished":"2018-02-25T09:02:31+00:00","dateModified":"2023-02-13T17:33:56+00:00","breadcrumb":{"@id":"http:\/\/aliancafrancesajuizdefora.com.br\/index.php\/master-of-business-administration\/#breadcrumb"},"inLanguage":"pt-BR","potentialAction":[{"@type":"ReadAction","target":["http:\/\/aliancafrancesajuizdefora.com.br\/index.php\/master-of-business-administration\/"]}]},{"@type":"ImageObject","inLanguage":"pt-BR","@id":"http:\/\/aliancafrancesajuizdefora.com.br\/index.php\/master-of-business-administration\/#primaryimage","url":"http:\/\/aliancafrancesajuizdefora.com.br\/wp-content\/uploads\/2022\/11\/6-4.jpg","contentUrl":"http:\/\/aliancafrancesajuizdefora.com.br\/wp-content\/uploads\/2022\/11\/6-4.jpg","width":1080,"height":1080},{"@type":"BreadcrumbList","@id":"http:\/\/aliancafrancesajuizdefora.com.br\/index.php\/master-of-business-administration\/#breadcrumb","itemListElement":[{"@type":"ListItem","position":1,"name":"In\u00edcio","item":"http:\/\/aliancafrancesajuizdefora.com.br\/"},{"@type":"ListItem","position":2,"name":"Curso Regular"}]},{"@type":"WebSite","@id":"http:\/\/aliancafrancesajuizdefora.com.br\/#website","url":"http:\/\/aliancafrancesajuizdefora.com.br\/","name":"Franc\u00eas com cultura","description":"","publisher":{"@id":"http:\/\/aliancafrancesajuizdefora.com.br\/#organization"},"potentialAction":[{"@type":"SearchAction","target":{"@type":"EntryPoint","urlTemplate":"http:\/\/aliancafrancesajuizdefora.com.br\/?s={search_term_string}"},"query-input":{"@type":"PropertyValueSpecification","valueRequired":true,"valueName":"search_term_string"}}],"inLanguage":"pt-BR"},{"@type":"Organization","@id":"http:\/\/aliancafrancesajuizdefora.com.br\/#organization","name":"Franc\u00eas com cultura","url":"http:\/\/aliancafrancesajuizdefora.com.br\/","logo":{"@type":"ImageObject","inLanguage":"pt-BR","@id":"http:\/\/aliancafrancesajuizdefora.com.br\/#\/schema\/logo\/image\/","url":"http:\/\/aliancafrancesajuizdefora.com.br\/wp-content\/uploads\/2022\/10\/cropped-Captura-de-tela-2022-10-24-101020-e1666618071682.jpg","contentUrl":"http:\/\/aliancafrancesajuizdefora.com.br\/wp-content\/uploads\/2022\/10\/cropped-Captura-de-tela-2022-10-24-101020-e1666618071682.jpg","width":200,"height":47,"caption":"Franc\u00eas com cultura"},"image":{"@id":"http:\/\/aliancafrancesajuizdefora.com.br\/#\/schema\/logo\/image\/"}}]}},"uagb_featured_image_src":{"full":["http:\/\/aliancafrancesajuizdefora.com.br\/wp-content\/uploads\/2022\/11\/6-4.jpg",1080,1080,false],"thumbnail":["http:\/\/aliancafrancesajuizdefora.com.br\/wp-content\/uploads\/2022\/11\/6-4-150x150.jpg",150,150,true],"medium":["http:\/\/aliancafrancesajuizdefora.com.br\/wp-content\/uploads\/2022\/11\/6-4-300x300.jpg",300,300,true],"medium_large":["http:\/\/aliancafrancesajuizdefora.com.br\/wp-content\/uploads\/2022\/11\/6-4-768x768.jpg",640,640,true],"large":["http:\/\/aliancafrancesajuizdefora.com.br\/wp-content\/uploads\/2022\/11\/6-4-1024x1024.jpg",640,640,true],"1536x1536":["http:\/\/aliancafrancesajuizdefora.com.br\/wp-content\/uploads\/2022\/11\/6-4.jpg",1080,1080,false],"2048x2048":["http:\/\/aliancafrancesajuizdefora.com.br\/wp-content\/uploads\/2022\/11\/6-4.jpg",1080,1080,false],"educenter-slider":["http:\/\/aliancafrancesajuizdefora.com.br\/wp-content\/uploads\/2022\/11\/6-4-1080x600.jpg",1080,600,true],"educenter-large":["http:\/\/aliancafrancesajuizdefora.com.br\/wp-content\/uploads\/2022\/11\/6-4-840x450.jpg",840,450,true],"educenter-gallery":["http:\/\/aliancafrancesajuizdefora.com.br\/wp-content\/uploads\/2022\/11\/6-4-400x290.jpg",400,290,true],"educenter-team":["http:\/\/aliancafrancesajuizdefora.com.br\/wp-content\/uploads\/2022\/11\/6-4-400x510.jpg",400,510,true],"form-edit-image-preview":["http:\/\/aliancafrancesajuizdefora.com.br\/wp-content\/uploads\/2022\/11\/6-4-116x116.jpg",116,116,true]},"uagb_author_info":{"display_name":"AFJuizdeFora","author_link":"http:\/\/aliancafrancesajuizdefora.com.br\/index.php\/author\/afjuizdefora\/"},"uagb_comment_info":0,"uagb_excerpt":"Adicione o texto do seu t\u00edtulo aqui CURSOS REGULARES &nbsp; Voc\u00ea quer aprender franc\u00eas de maneira eficaz?&nbsp;&nbsp; Aprenda franc\u00eas ou aperfei\u00e7oe seu n\u00edvel no idioma em uma institui\u00e7\u00e3o de refer\u00eancia internacional. Inscreva-se em uma de nossas forma\u00e7\u00f5es online, presenciais ou FLEX (h\u00edbrido).&nbsp;...","_links":{"self":[{"href":"http:\/\/aliancafrancesajuizdefora.com.br\/index.php\/wp-json\/wp\/v2\/pages\/78","targetHints":{"allow":["GET"]}}],"collection":[{"href":"http:\/\/aliancafrancesajuizdefora.com.br\/index.php\/wp-json\/wp\/v2\/pages"}],"about":[{"href":"http:\/\/aliancafrancesajuizdefora.com.br\/index.php\/wp-json\/wp\/v2\/types\/page"}],"author":[{"embeddable":true,"href":"http:\/\/aliancafrancesajuizdefora.com.br\/index.php\/wp-json\/wp\/v2\/users\/1"}],"replies":[{"embeddable":true,"href":"http:\/\/aliancafrancesajuizdefora.com.br\/index.php\/wp-json\/wp\/v2\/comments?post=78"}],"version-history":[{"count":130,"href":"http:\/\/aliancafrancesajuizdefora.com.br\/index.php\/wp-json\/wp\/v2\/pages\/78\/revisions"}],"predecessor-version":[{"id":11382,"href":"http:\/\/aliancafrancesajuizdefora.com.br\/index.php\/wp-json\/wp\/v2\/pages\/78\/revisions\/11382"}],"wp:featuredmedia":[{"embeddable":true,"href":"http:\/\/aliancafrancesajuizdefora.com.br\/index.php\/wp-json\/wp\/v2\/media\/10877"}],"wp:attachment":[{"href":"http:\/\/aliancafrancesajuizdefora.com.br\/index.php\/wp-json\/wp\/v2\/media?parent=78"}],"curies":[{"name":"wp","href":"https:\/\/api.w.org\/{rel}","templated":true}]}}