{"id":64,"date":"2018-02-25T07:13:37","date_gmt":"2018-02-25T10:13:37","guid":{"rendered":"http:\/\/aliancafrancesajuizdefora.com.br\/index.php\/our-team-members-2\/"},"modified":"2024-03-13T23:20:56","modified_gmt":"2024-03-14T02:20:56","slug":"quem-somos","status":"publish","type":"page","link":"http:\/\/aliancafrancesajuizdefora.com.br\/index.php\/quem-somos\/","title":{"rendered":"Quem somos"},"content":{"rendered":"\t\t<div data-elementor-type=\"wp-page\" data-elementor-id=\"64\" class=\"elementor elementor-64\">\n\t\t\t\t\t\t<section class=\"elementor-section elementor-top-section elementor-element elementor-element-61d3f7f elementor-section-boxed elementor-section-height-default elementor-section-height-default\" data-id=\"61d3f7f\" data-element_type=\"section\" data-e-type=\"section\">\n\t\t\t\t\t\t<div class=\"elementor-container elementor-column-gap-default\">\n\t\t\t\t\t<div class=\"elementor-column elementor-col-66 elementor-top-column elementor-element elementor-element-ade122e\" data-id=\"ade122e\" data-element_type=\"column\" data-e-type=\"column\">\n\t\t\t<div class=\"elementor-widget-wrap\">\n\t\t\t\t\t\t\t<\/div>\n\t\t<\/div>\n\t\t\t\t<div class=\"elementor-column elementor-col-33 elementor-top-column elementor-element elementor-element-8fa4bae\" data-id=\"8fa4bae\" data-element_type=\"column\" data-e-type=\"column\">\n\t\t\t<div class=\"elementor-widget-wrap\">\n\t\t\t\t\t\t\t<\/div>\n\t\t<\/div>\n\t\t\t\t\t<\/div>\n\t\t<\/section>\n\t\t\t\t<section class=\"elementor-section elementor-top-section elementor-element elementor-element-febe97d elementor-section-boxed elementor-section-height-default elementor-section-height-default\" data-id=\"febe97d\" data-element_type=\"section\" data-e-type=\"section\">\n\t\t\t\t\t\t<div class=\"elementor-container elementor-column-gap-default\">\n\t\t\t\t\t<div class=\"elementor-column elementor-col-100 elementor-top-column elementor-element elementor-element-5340e519\" data-id=\"5340e519\" data-element_type=\"column\" data-e-type=\"column\">\n\t\t\t<div class=\"elementor-widget-wrap elementor-element-populated\">\n\t\t\t\t\t\t<div class=\"elementor-element elementor-element-fdbf1eb elementor-widget elementor-widget-heading\" data-id=\"fdbf1eb\" data-element_type=\"widget\" data-e-type=\"widget\" data-widget_type=\"heading.default\">\n\t\t\t\t<div class=\"elementor-widget-container\">\n\t\t\t\t\t<h2 class=\"elementor-heading-title elementor-size-default\">A ALIAN\u00c7A FRANCESA DE JUIZ DE FORA<\/h2>\t\t\t\t<\/div>\n\t\t\t\t<\/div>\n\t\t\t\t<div class=\"elementor-element elementor-element-8deb940 elementor-widget elementor-widget-heading\" data-id=\"8deb940\" data-element_type=\"widget\" data-e-type=\"widget\" data-widget_type=\"heading.default\">\n\t\t\t\t<div class=\"elementor-widget-container\">\n\t\t\t\t\t<h3 class=\"elementor-heading-title elementor-size-default\">Centro de difus\u00e3o do <i>idioma<\/i>,<i> hist\u00f3ria<\/i> e <i>cultura<\/i> franc\u00f3fonas.<\/h3>\t\t\t\t<\/div>\n\t\t\t\t<\/div>\n\t\t\t\t<div class=\"elementor-element elementor-element-2d266bd4 elementor-widget elementor-widget-text-editor\" data-id=\"2d266bd4\" data-element_type=\"widget\" data-e-type=\"widget\" data-widget_type=\"text-editor.default\">\n\t\t\t\t<div class=\"elementor-widget-container\">\n\t\t\t\t\t\t\t\t\t<p>A Alian\u00e7a Francesa de\u00a0 Juiz de Fora existe desde a d\u00e9cada de 1980,\u00a0 mantendo sua tradi\u00e7\u00e3o no ensino da l\u00edngua e cultura francesa.<\/p><p>Oferece a seus alunos e \u00e0 comunidade palestras, confer\u00eancias, exposi\u00e7\u00f5es, atividades estas que visam divulgar n\u00e3o s\u00f3 o idioma mas tamb\u00e9m a hist\u00f3ria e a cultura francesas.<\/p><p>Nossa equipe de professores, todos com gradua\u00e7\u00e3o em Letras e diploma de Nancy, participam frequentemente de est\u00e1gios pedag\u00f3gicos no Brasil e na Fran\u00e7a. Al\u00e9m do curso regular oferecemos cursos personalizados: conversa\u00e7\u00e3o, viagem, instrumental para sele\u00e7\u00e3o de mestrado e doutorado, aulas individuais para crian\u00e7as, curso de pron\u00fancia francesa. Preparamos candidatos para os exames de Profici\u00eancia, DELF (<em>Dipl\u00f4me d\u2019\u00c9tudes en Langue Fran\u00e7aise) e <\/em>DALF (<em>Dipl\u00f4me approfondi de Langue Fran\u00e7aise)<\/em>, TCF (<em>Test de connaissance du fran\u00e7ais<\/em>), TEF (<em>Test d\u2019\u00c9valuation de Fran\u00e7ais)<\/em>.<\/p><p>A Alian\u00e7a Francesa de Juiz de Fora \u00e9 Centro Oficial de Exames de DELF\/DALF.<\/p>\t\t\t\t\t\t\t\t<\/div>\n\t\t\t\t<\/div>\n\t\t\t\t<div class=\"elementor-element elementor-element-40b9f03 elementor-widget elementor-widget-image\" data-id=\"40b9f03\" data-element_type=\"widget\" data-e-type=\"widget\" data-widget_type=\"image.default\">\n\t\t\t\t<div class=\"elementor-widget-container\">\n\t\t\t\t\t\t\t\t\t\t\t\t\t\t\t<img fetchpriority=\"high\" decoding=\"async\" width=\"1320\" height=\"600\" src=\"http:\/\/aliancafrancesajuizdefora.com.br\/wp-content\/uploads\/2022\/11\/8-8-1320x600.jpg\" class=\"attachment-educenter-slider size-educenter-slider wp-image-11173\" alt=\"\" \/>\t\t\t\t\t\t\t\t\t\t\t\t\t\t\t<\/div>\n\t\t\t\t<\/div>\n\t\t\t\t<div class=\"elementor-element elementor-element-08db9df elementor-widget elementor-widget-button\" data-id=\"08db9df\" data-element_type=\"widget\" data-e-type=\"widget\" data-widget_type=\"button.default\">\n\t\t\t\t<div class=\"elementor-widget-container\">\n\t\t\t\t\t\t\t\t\t<div class=\"elementor-button-wrapper\">\n\t\t\t\t\t<a class=\"elementor-button elementor-button-link elementor-size-sm\" href=\"https:\/\/api.whatsapp.com\/send?1=pt_BR&#038;phone=5532988602668\">\n\t\t\t\t\t\t<span class=\"elementor-button-content-wrapper\">\n\t\t\t\t\t\t\t\t\t<span class=\"elementor-button-text\">SAIBA MAIS<\/span>\n\t\t\t\t\t<\/span>\n\t\t\t\t\t<\/a>\n\t\t\t\t<\/div>\n\t\t\t\t\t\t\t\t<\/div>\n\t\t\t\t<\/div>\n\t\t\t\t<div class=\"elementor-element elementor-element-e1407f0 elementor-widget elementor-widget-heading\" data-id=\"e1407f0\" data-element_type=\"widget\" data-e-type=\"widget\" data-widget_type=\"heading.default\">\n\t\t\t\t<div class=\"elementor-widget-container\">\n\t\t\t\t\t<h2 class=\"elementor-heading-title elementor-size-default\">Adicione o texto do seu t\u00edtulo aqui<\/h2>\t\t\t\t<\/div>\n\t\t\t\t<\/div>\n\t\t\t\t<div class=\"elementor-element elementor-element-a4a3ffa elementor-widget elementor-widget-heading\" data-id=\"a4a3ffa\" data-element_type=\"widget\" data-e-type=\"widget\" data-widget_type=\"heading.default\">\n\t\t\t\t<div class=\"elementor-widget-container\">\n\t\t\t\t\t<h2 class=\"elementor-heading-title elementor-size-default\">Nosso endere\u00e7o<\/h2>\t\t\t\t<\/div>\n\t\t\t\t<\/div>\n\t\t\t\t<div class=\"elementor-element elementor-element-b06f0fa elementor-widget__width-initial elementor-widget elementor-widget-google_maps\" data-id=\"b06f0fa\" data-element_type=\"widget\" data-e-type=\"widget\" data-widget_type=\"google_maps.default\">\n\t\t\t\t<div class=\"elementor-widget-container\">\n\t\t\t\t\t\t\t<div class=\"elementor-custom-embed\">\n\t\t\t<iframe loading=\"lazy\"\n\t\t\t\t\tsrc=\"https:\/\/maps.google.com\/maps?q=Rua%20morais%20e%20castro%20300%2C%20sala%20220&#038;t=m&#038;z=17&#038;output=embed&#038;iwloc=near\"\n\t\t\t\t\ttitle=\"Rua morais e castro 300, sala 220\"\n\t\t\t\t\taria-label=\"Rua morais e castro 300, sala 220\"\n\t\t\t><\/iframe>\n\t\t<\/div>\n\t\t\t\t\t\t<\/div>\n\t\t\t\t<\/div>\n\t\t\t\t<div class=\"elementor-element elementor-element-8d45900 elementor-widget elementor-widget-spacer\" data-id=\"8d45900\" data-element_type=\"widget\" data-e-type=\"widget\" data-widget_type=\"spacer.default\">\n\t\t\t\t<div class=\"elementor-widget-container\">\n\t\t\t\t\t\t\t<div class=\"elementor-spacer\">\n\t\t\t<div class=\"elementor-spacer-inner\"><\/div>\n\t\t<\/div>\n\t\t\t\t\t\t<\/div>\n\t\t\t\t<\/div>\n\t\t\t\t\t<\/div>\n\t\t<\/div>\n\t\t\t\t\t<\/div>\n\t\t<\/section>\n\t\t\t\t<\/div>\n\t\t","protected":false},"excerpt":{"rendered":"<p>A ALIAN\u00c7A FRANCESA DE JUIZ DE FORA Centro de difus\u00e3o do idioma, hist\u00f3ria e cultura franc\u00f3fonas. A Alian\u00e7a Francesa de\u00a0 Juiz de Fora existe desde a d\u00e9cada de 1980,\u00a0 mantendo sua tradi\u00e7\u00e3o no ensino da l\u00edngua e cultura francesa. Oferece a seus&#8230;<\/p>\n","protected":false},"author":1,"featured_media":0,"parent":0,"menu_order":0,"comment_status":"closed","ping_status":"closed","template":"elementor_header_footer","meta":{"_uag_custom_page_level_css":"","footnotes":""},"class_list":["post-64","page","type-page","status-publish","hentry"],"yoast_head":"<!-- This site is optimized with the Yoast SEO plugin v26.1.1 - https:\/\/yoast.com\/wordpress\/plugins\/seo\/ -->\n<title>Quem somos - Franc\u00eas com cultura<\/title>\n<meta name=\"robots\" content=\"index, follow, max-snippet:-1, max-image-preview:large, max-video-preview:-1\" \/>\n<link rel=\"canonical\" href=\"http:\/\/aliancafrancesajuizdefora.com.br\/index.php\/quem-somos\/\" \/>\n<meta property=\"og:locale\" content=\"pt_BR\" \/>\n<meta property=\"og:type\" content=\"article\" \/>\n<meta property=\"og:title\" content=\"Quem somos - Franc\u00eas com cultura\" \/>\n<meta property=\"og:description\" content=\"A ALIAN\u00c7A FRANCESA DE JUIZ DE FORA Centro de difus\u00e3o do idioma, hist\u00f3ria e cultura franc\u00f3fonas. A Alian\u00e7a Francesa de\u00a0 Juiz de Fora existe desde a d\u00e9cada de 1980,\u00a0 mantendo sua tradi\u00e7\u00e3o no ensino da l\u00edngua e cultura francesa. Oferece a seus...\" \/>\n<meta property=\"og:url\" content=\"http:\/\/aliancafrancesajuizdefora.com.br\/index.php\/quem-somos\/\" \/>\n<meta property=\"og:site_name\" content=\"Franc\u00eas com cultura\" \/>\n<meta property=\"article:modified_time\" content=\"2024-03-14T02:20:56+00:00\" \/>\n<meta property=\"og:image\" content=\"http:\/\/aliancafrancesajuizdefora.com.br\/wp-content\/uploads\/2022\/11\/8-8-1320x600.jpg\" \/>\n<meta name=\"twitter:card\" content=\"summary_large_image\" \/>\n<meta name=\"twitter:label1\" content=\"Est. tempo de leitura\" \/>\n\t<meta name=\"twitter:data1\" content=\"2 minutos\" \/>\n<script type=\"application\/ld+json\" class=\"yoast-schema-graph\">{\"@context\":\"https:\/\/schema.org\",\"@graph\":[{\"@type\":\"WebPage\",\"@id\":\"http:\/\/aliancafrancesajuizdefora.com.br\/index.php\/quem-somos\/\",\"url\":\"http:\/\/aliancafrancesajuizdefora.com.br\/index.php\/quem-somos\/\",\"name\":\"Quem somos - Franc\u00eas com cultura\",\"isPartOf\":{\"@id\":\"http:\/\/aliancafrancesajuizdefora.com.br\/#website\"},\"primaryImageOfPage\":{\"@id\":\"http:\/\/aliancafrancesajuizdefora.com.br\/index.php\/quem-somos\/#primaryimage\"},\"image\":{\"@id\":\"http:\/\/aliancafrancesajuizdefora.com.br\/index.php\/quem-somos\/#primaryimage\"},\"thumbnailUrl\":\"http:\/\/aliancafrancesajuizdefora.com.br\/wp-content\/uploads\/2022\/11\/8-8-1320x600.jpg\",\"datePublished\":\"2018-02-25T10:13:37+00:00\",\"dateModified\":\"2024-03-14T02:20:56+00:00\",\"breadcrumb\":{\"@id\":\"http:\/\/aliancafrancesajuizdefora.com.br\/index.php\/quem-somos\/#breadcrumb\"},\"inLanguage\":\"pt-BR\",\"potentialAction\":[{\"@type\":\"ReadAction\",\"target\":[\"http:\/\/aliancafrancesajuizdefora.com.br\/index.php\/quem-somos\/\"]}]},{\"@type\":\"ImageObject\",\"inLanguage\":\"pt-BR\",\"@id\":\"http:\/\/aliancafrancesajuizdefora.com.br\/index.php\/quem-somos\/#primaryimage\",\"url\":\"http:\/\/aliancafrancesajuizdefora.com.br\/wp-content\/uploads\/2022\/11\/8-8.jpg\",\"contentUrl\":\"http:\/\/aliancafrancesajuizdefora.com.br\/wp-content\/uploads\/2022\/11\/8-8.jpg\",\"width\":1920,\"height\":1080},{\"@type\":\"BreadcrumbList\",\"@id\":\"http:\/\/aliancafrancesajuizdefora.com.br\/index.php\/quem-somos\/#breadcrumb\",\"itemListElement\":[{\"@type\":\"ListItem\",\"position\":1,\"name\":\"In\u00edcio\",\"item\":\"http:\/\/aliancafrancesajuizdefora.com.br\/\"},{\"@type\":\"ListItem\",\"position\":2,\"name\":\"Quem somos\"}]},{\"@type\":\"WebSite\",\"@id\":\"http:\/\/aliancafrancesajuizdefora.com.br\/#website\",\"url\":\"http:\/\/aliancafrancesajuizdefora.com.br\/\",\"name\":\"Franc\u00eas com cultura\",\"description\":\"\",\"publisher\":{\"@id\":\"http:\/\/aliancafrancesajuizdefora.com.br\/#organization\"},\"potentialAction\":[{\"@type\":\"SearchAction\",\"target\":{\"@type\":\"EntryPoint\",\"urlTemplate\":\"http:\/\/aliancafrancesajuizdefora.com.br\/?s={search_term_string}\"},\"query-input\":{\"@type\":\"PropertyValueSpecification\",\"valueRequired\":true,\"valueName\":\"search_term_string\"}}],\"inLanguage\":\"pt-BR\"},{\"@type\":\"Organization\",\"@id\":\"http:\/\/aliancafrancesajuizdefora.com.br\/#organization\",\"name\":\"Franc\u00eas com cultura\",\"url\":\"http:\/\/aliancafrancesajuizdefora.com.br\/\",\"logo\":{\"@type\":\"ImageObject\",\"inLanguage\":\"pt-BR\",\"@id\":\"http:\/\/aliancafrancesajuizdefora.com.br\/#\/schema\/logo\/image\/\",\"url\":\"http:\/\/aliancafrancesajuizdefora.com.br\/wp-content\/uploads\/2022\/10\/cropped-Captura-de-tela-2022-10-24-101020-e1666618071682.jpg\",\"contentUrl\":\"http:\/\/aliancafrancesajuizdefora.com.br\/wp-content\/uploads\/2022\/10\/cropped-Captura-de-tela-2022-10-24-101020-e1666618071682.jpg\",\"width\":200,\"height\":47,\"caption\":\"Franc\u00eas com cultura\"},\"image\":{\"@id\":\"http:\/\/aliancafrancesajuizdefora.com.br\/#\/schema\/logo\/image\/\"}}]}<\/script>\n<!-- \/ Yoast SEO plugin. -->","yoast_head_json":{"title":"Quem somos - Franc\u00eas com cultura","robots":{"index":"index","follow":"follow","max-snippet":"max-snippet:-1","max-image-preview":"max-image-preview:large","max-video-preview":"max-video-preview:-1"},"canonical":"http:\/\/aliancafrancesajuizdefora.com.br\/index.php\/quem-somos\/","og_locale":"pt_BR","og_type":"article","og_title":"Quem somos - Franc\u00eas com cultura","og_description":"A ALIAN\u00c7A FRANCESA DE JUIZ DE FORA Centro de difus\u00e3o do idioma, hist\u00f3ria e cultura franc\u00f3fonas. A Alian\u00e7a Francesa de\u00a0 Juiz de Fora existe desde a d\u00e9cada de 1980,\u00a0 mantendo sua tradi\u00e7\u00e3o no ensino da l\u00edngua e cultura francesa. Oferece a seus...","og_url":"http:\/\/aliancafrancesajuizdefora.com.br\/index.php\/quem-somos\/","og_site_name":"Franc\u00eas com cultura","article_modified_time":"2024-03-14T02:20:56+00:00","og_image":[{"url":"http:\/\/aliancafrancesajuizdefora.com.br\/wp-content\/uploads\/2022\/11\/8-8-1320x600.jpg","type":"","width":"","height":""}],"twitter_card":"summary_large_image","twitter_misc":{"Est. tempo de leitura":"2 minutos"},"schema":{"@context":"https:\/\/schema.org","@graph":[{"@type":"WebPage","@id":"http:\/\/aliancafrancesajuizdefora.com.br\/index.php\/quem-somos\/","url":"http:\/\/aliancafrancesajuizdefora.com.br\/index.php\/quem-somos\/","name":"Quem somos - Franc\u00eas com cultura","isPartOf":{"@id":"http:\/\/aliancafrancesajuizdefora.com.br\/#website"},"primaryImageOfPage":{"@id":"http:\/\/aliancafrancesajuizdefora.com.br\/index.php\/quem-somos\/#primaryimage"},"image":{"@id":"http:\/\/aliancafrancesajuizdefora.com.br\/index.php\/quem-somos\/#primaryimage"},"thumbnailUrl":"http:\/\/aliancafrancesajuizdefora.com.br\/wp-content\/uploads\/2022\/11\/8-8-1320x600.jpg","datePublished":"2018-02-25T10:13:37+00:00","dateModified":"2024-03-14T02:20:56+00:00","breadcrumb":{"@id":"http:\/\/aliancafrancesajuizdefora.com.br\/index.php\/quem-somos\/#breadcrumb"},"inLanguage":"pt-BR","potentialAction":[{"@type":"ReadAction","target":["http:\/\/aliancafrancesajuizdefora.com.br\/index.php\/quem-somos\/"]}]},{"@type":"ImageObject","inLanguage":"pt-BR","@id":"http:\/\/aliancafrancesajuizdefora.com.br\/index.php\/quem-somos\/#primaryimage","url":"http:\/\/aliancafrancesajuizdefora.com.br\/wp-content\/uploads\/2022\/11\/8-8.jpg","contentUrl":"http:\/\/aliancafrancesajuizdefora.com.br\/wp-content\/uploads\/2022\/11\/8-8.jpg","width":1920,"height":1080},{"@type":"BreadcrumbList","@id":"http:\/\/aliancafrancesajuizdefora.com.br\/index.php\/quem-somos\/#breadcrumb","itemListElement":[{"@type":"ListItem","position":1,"name":"In\u00edcio","item":"http:\/\/aliancafrancesajuizdefora.com.br\/"},{"@type":"ListItem","position":2,"name":"Quem somos"}]},{"@type":"WebSite","@id":"http:\/\/aliancafrancesajuizdefora.com.br\/#website","url":"http:\/\/aliancafrancesajuizdefora.com.br\/","name":"Franc\u00eas com cultura","description":"","publisher":{"@id":"http:\/\/aliancafrancesajuizdefora.com.br\/#organization"},"potentialAction":[{"@type":"SearchAction","target":{"@type":"EntryPoint","urlTemplate":"http:\/\/aliancafrancesajuizdefora.com.br\/?s={search_term_string}"},"query-input":{"@type":"PropertyValueSpecification","valueRequired":true,"valueName":"search_term_string"}}],"inLanguage":"pt-BR"},{"@type":"Organization","@id":"http:\/\/aliancafrancesajuizdefora.com.br\/#organization","name":"Franc\u00eas com cultura","url":"http:\/\/aliancafrancesajuizdefora.com.br\/","logo":{"@type":"ImageObject","inLanguage":"pt-BR","@id":"http:\/\/aliancafrancesajuizdefora.com.br\/#\/schema\/logo\/image\/","url":"http:\/\/aliancafrancesajuizdefora.com.br\/wp-content\/uploads\/2022\/10\/cropped-Captura-de-tela-2022-10-24-101020-e1666618071682.jpg","contentUrl":"http:\/\/aliancafrancesajuizdefora.com.br\/wp-content\/uploads\/2022\/10\/cropped-Captura-de-tela-2022-10-24-101020-e1666618071682.jpg","width":200,"height":47,"caption":"Franc\u00eas com cultura"},"image":{"@id":"http:\/\/aliancafrancesajuizdefora.com.br\/#\/schema\/logo\/image\/"}}]}},"uagb_featured_image_src":{"full":false,"thumbnail":false,"medium":false,"medium_large":false,"large":false,"1536x1536":false,"2048x2048":false,"educenter-slider":false,"educenter-large":false,"educenter-gallery":false,"educenter-team":false,"form-edit-image-preview":false},"uagb_author_info":{"display_name":"AFJuizdeFora","author_link":"http:\/\/aliancafrancesajuizdefora.com.br\/index.php\/author\/afjuizdefora\/"},"uagb_comment_info":0,"uagb_excerpt":"A ALIAN\u00c7A FRANCESA DE JUIZ DE FORA Centro de difus\u00e3o do idioma, hist\u00f3ria e cultura franc\u00f3fonas. A Alian\u00e7a Francesa de\u00a0 Juiz de Fora existe desde a d\u00e9cada de 1980,\u00a0 mantendo sua tradi\u00e7\u00e3o no ensino da l\u00edngua e cultura francesa. Oferece a seus...","_links":{"self":[{"href":"http:\/\/aliancafrancesajuizdefora.com.br\/index.php\/wp-json\/wp\/v2\/pages\/64","targetHints":{"allow":["GET"]}}],"collection":[{"href":"http:\/\/aliancafrancesajuizdefora.com.br\/index.php\/wp-json\/wp\/v2\/pages"}],"about":[{"href":"http:\/\/aliancafrancesajuizdefora.com.br\/index.php\/wp-json\/wp\/v2\/types\/page"}],"author":[{"embeddable":true,"href":"http:\/\/aliancafrancesajuizdefora.com.br\/index.php\/wp-json\/wp\/v2\/users\/1"}],"replies":[{"embeddable":true,"href":"http:\/\/aliancafrancesajuizdefora.com.br\/index.php\/wp-json\/wp\/v2\/comments?post=64"}],"version-history":[{"count":323,"href":"http:\/\/aliancafrancesajuizdefora.com.br\/index.php\/wp-json\/wp\/v2\/pages\/64\/revisions"}],"predecessor-version":[{"id":11492,"href":"http:\/\/aliancafrancesajuizdefora.com.br\/index.php\/wp-json\/wp\/v2\/pages\/64\/revisions\/11492"}],"wp:attachment":[{"href":"http:\/\/aliancafrancesajuizdefora.com.br\/index.php\/wp-json\/wp\/v2\/media?parent=64"}],"curies":[{"name":"wp","href":"https:\/\/api.w.org\/{rel}","templated":true}]}}