{"id":36,"date":"2018-02-25T06:43:54","date_gmt":"2018-02-25T09:43:54","guid":{"rendered":"http:\/\/aliancafrancesajuizdefora.com.br\/index.php\/politics\/"},"modified":"2022-12-06T17:07:25","modified_gmt":"2022-12-06T20:07:25","slug":"politics","status":"publish","type":"page","link":"http:\/\/aliancafrancesajuizdefora.com.br\/index.php\/politics\/","title":{"rendered":"Curso franc\u00eas instrumental"},"content":{"rendered":"\t\t<div data-elementor-type=\"wp-page\" data-elementor-id=\"36\" class=\"elementor elementor-36\">\n\t\t\t\t\t\t<section class=\"elementor-section elementor-top-section elementor-element elementor-element-8e8728a elementor-section-boxed elementor-section-height-default elementor-section-height-default\" data-id=\"8e8728a\" data-element_type=\"section\" data-e-type=\"section\">\n\t\t\t\t\t\t<div class=\"elementor-container elementor-column-gap-default\">\n\t\t\t\t\t<div class=\"elementor-column elementor-col-100 elementor-top-column elementor-element elementor-element-4306b6e\" data-id=\"4306b6e\" data-element_type=\"column\" data-e-type=\"column\">\n\t\t\t<div class=\"elementor-widget-wrap elementor-element-populated\">\n\t\t\t\t\t\t<div class=\"elementor-element elementor-element-22c2bf1 elementor-widget elementor-widget-heading\" data-id=\"22c2bf1\" data-element_type=\"widget\" data-e-type=\"widget\" data-widget_type=\"heading.default\">\n\t\t\t\t<div class=\"elementor-widget-container\">\n\t\t\t\t\t<h2 class=\"elementor-heading-title elementor-size-default\">CURSO FRANC\u00caS INSTRUMENTAL<\/h2>\t\t\t\t<\/div>\n\t\t\t\t<\/div>\n\t\t\t\t\t<\/div>\n\t\t<\/div>\n\t\t\t\t\t<\/div>\n\t\t<\/section>\n\t\t\t\t<section class=\"elementor-section elementor-top-section elementor-element elementor-element-1812a54 elementor-section-boxed elementor-section-height-default elementor-section-height-default\" data-id=\"1812a54\" data-element_type=\"section\" data-e-type=\"section\">\n\t\t\t\t\t\t<div class=\"elementor-container elementor-column-gap-default\">\n\t\t\t\t\t<div class=\"elementor-column elementor-col-66 elementor-top-column elementor-element elementor-element-8eb80d8\" data-id=\"8eb80d8\" data-element_type=\"column\" data-e-type=\"column\">\n\t\t\t<div class=\"elementor-widget-wrap elementor-element-populated\">\n\t\t\t\t\t\t<div class=\"elementor-element elementor-element-9090875 elementor-widget elementor-widget-heading\" data-id=\"9090875\" data-element_type=\"widget\" data-e-type=\"widget\" data-widget_type=\"heading.default\">\n\t\t\t\t<div class=\"elementor-widget-container\">\n\t\t\t\t\t<h2 class=\"elementor-heading-title elementor-size-default\">CURSO FRANC\u00caS INSTRUMENTAL<\/h2>\t\t\t\t<\/div>\n\t\t\t\t<\/div>\n\t\t\t\t<div class=\"elementor-element elementor-element-347178a5 elementor-widget elementor-widget-text-editor\" data-id=\"347178a5\" data-element_type=\"widget\" data-e-type=\"widget\" data-widget_type=\"text-editor.default\">\n\t\t\t\t<div class=\"elementor-widget-container\">\n\t\t\t\t\t\t\t\t\t<p>O curso de Franc\u00eas instrumental visa desenvolver a pr\u00e1tica de leitura em l\u00edngua francesa. Destina-se aos estudantes que se preparam para uma universidade francesa ou franc\u00f3fona e que necessitam comprovar seu n\u00edvel de compreens\u00e3o escrita no idioma franc\u00eas.&nbsp;<\/p>\n<blockquote>\n<p><strong>Informa\u00e7\u00f5es:<\/strong>&nbsp;<\/p>\n<ul>\n<li>Dura\u00e7\u00e3o: a definir.<\/li>\n<li>Curso: individual, presencial ou online.<\/li>\n<li>Material did\u00e1tico: textos da \u00e1rea acad\u00eamica e\/ou profissional do aluno.<\/li>\n<li>Objetivo: possibilitar ao aluno adquirir as estruturas gramaticais e lexicais fundamentais da l\u00edngua francesa que o &nbsp;permitam compreender um texto no idioma-alvo.<\/li>\n<\/ul>\n<\/blockquote>\t\t\t\t\t\t\t\t<\/div>\n\t\t\t\t<\/div>\n\t\t\t\t<div class=\"elementor-element elementor-element-5d40950 elementor-widget elementor-widget-button\" data-id=\"5d40950\" data-element_type=\"widget\" data-e-type=\"widget\" data-widget_type=\"button.default\">\n\t\t\t\t<div class=\"elementor-widget-container\">\n\t\t\t\t\t\t\t\t\t<div class=\"elementor-button-wrapper\">\n\t\t\t\t\t<a class=\"elementor-button elementor-button-link elementor-size-sm\" href=\"https:\/\/api.whatsapp.com\/send?1=pt_BR&#038;phone=5532988602668\">\n\t\t\t\t\t\t<span class=\"elementor-button-content-wrapper\">\n\t\t\t\t\t\t\t\t\t<span class=\"elementor-button-text\">TENHO INTERESSE<\/span>\n\t\t\t\t\t<\/span>\n\t\t\t\t\t<\/a>\n\t\t\t\t<\/div>\n\t\t\t\t\t\t\t\t<\/div>\n\t\t\t\t<\/div>\n\t\t\t\t\t<\/div>\n\t\t<\/div>\n\t\t\t\t<div class=\"elementor-column elementor-col-33 elementor-top-column elementor-element elementor-element-7b5b4ce\" data-id=\"7b5b4ce\" data-element_type=\"column\" data-e-type=\"column\">\n\t\t\t<div class=\"elementor-widget-wrap elementor-element-populated\">\n\t\t\t\t\t\t<div class=\"elementor-element elementor-element-650d80a elementor-widget elementor-widget-image\" data-id=\"650d80a\" data-element_type=\"widget\" data-e-type=\"widget\" data-widget_type=\"image.default\">\n\t\t\t\t<div class=\"elementor-widget-container\">\n\t\t\t\t\t\t\t\t\t\t\t\t\t\t\t<img fetchpriority=\"high\" decoding=\"async\" width=\"640\" height=\"640\" src=\"http:\/\/aliancafrancesajuizdefora.com.br\/wp-content\/uploads\/2022\/11\/12-3-1024x1024.jpg\" class=\"attachment-large size-large wp-image-10889\" alt=\"\" srcset=\"http:\/\/aliancafrancesajuizdefora.com.br\/wp-content\/uploads\/2022\/11\/12-3-1024x1024.jpg 1024w, http:\/\/aliancafrancesajuizdefora.com.br\/wp-content\/uploads\/2022\/11\/12-3-300x300.jpg 300w, http:\/\/aliancafrancesajuizdefora.com.br\/wp-content\/uploads\/2022\/11\/12-3-150x150.jpg 150w, http:\/\/aliancafrancesajuizdefora.com.br\/wp-content\/uploads\/2022\/11\/12-3-768x768.jpg 768w, http:\/\/aliancafrancesajuizdefora.com.br\/wp-content\/uploads\/2022\/11\/12-3-116x116.jpg 116w, http:\/\/aliancafrancesajuizdefora.com.br\/wp-content\/uploads\/2022\/11\/12-3.jpg 1080w\" sizes=\"(max-width: 640px) 100vw, 640px\" \/>\t\t\t\t\t\t\t\t\t\t\t\t\t\t\t<\/div>\n\t\t\t\t<\/div>\n\t\t\t\t\t<\/div>\n\t\t<\/div>\n\t\t\t\t\t<\/div>\n\t\t<\/section>\n\t\t\t\t<\/div>\n\t\t","protected":false},"excerpt":{"rendered":"<p>CURSO FRANC\u00caS INSTRUMENTAL CURSO FRANC\u00caS INSTRUMENTAL O curso de Franc\u00eas instrumental visa desenvolver a pr\u00e1tica de leitura em l\u00edngua francesa. Destina-se aos estudantes que se preparam para uma universidade francesa ou franc\u00f3fona e que necessitam comprovar seu n\u00edvel de compreens\u00e3o escrita no&#8230;<\/p>\n","protected":false},"author":1,"featured_media":10889,"parent":0,"menu_order":0,"comment_status":"closed","ping_status":"closed","template":"elementor_header_footer","meta":{"_uag_custom_page_level_css":"","footnotes":""},"class_list":["post-36","page","type-page","status-publish","has-post-thumbnail","hentry"],"yoast_head":"<!-- This site is optimized with the Yoast SEO plugin v26.1.1 - https:\/\/yoast.com\/wordpress\/plugins\/seo\/ -->\n<title>Curso franc\u00eas instrumental - Franc\u00eas com cultura<\/title>\n<meta name=\"robots\" content=\"index, follow, max-snippet:-1, max-image-preview:large, max-video-preview:-1\" \/>\n<link rel=\"canonical\" href=\"http:\/\/aliancafrancesajuizdefora.com.br\/index.php\/politics\/\" \/>\n<meta property=\"og:locale\" content=\"pt_BR\" \/>\n<meta property=\"og:type\" content=\"article\" \/>\n<meta property=\"og:title\" content=\"Curso franc\u00eas instrumental - Franc\u00eas com cultura\" \/>\n<meta property=\"og:description\" content=\"CURSO FRANC\u00caS INSTRUMENTAL CURSO FRANC\u00caS INSTRUMENTAL O curso de Franc\u00eas instrumental visa desenvolver a pr\u00e1tica de leitura em l\u00edngua francesa. Destina-se aos estudantes que se preparam para uma universidade francesa ou franc\u00f3fona e que necessitam comprovar seu n\u00edvel de compreens\u00e3o escrita no...\" \/>\n<meta property=\"og:url\" content=\"http:\/\/aliancafrancesajuizdefora.com.br\/index.php\/politics\/\" \/>\n<meta property=\"og:site_name\" content=\"Franc\u00eas com cultura\" \/>\n<meta property=\"article:modified_time\" content=\"2022-12-06T20:07:25+00:00\" \/>\n<meta property=\"og:image\" content=\"http:\/\/aliancafrancesajuizdefora.com.br\/wp-content\/uploads\/2022\/11\/12-3.jpg\" \/>\n\t<meta property=\"og:image:width\" content=\"1080\" \/>\n\t<meta property=\"og:image:height\" content=\"1080\" \/>\n\t<meta property=\"og:image:type\" content=\"image\/jpeg\" \/>\n<meta name=\"twitter:card\" content=\"summary_large_image\" \/>\n<meta name=\"twitter:label1\" content=\"Est. tempo de leitura\" \/>\n\t<meta name=\"twitter:data1\" content=\"1 minuto\" \/>\n<script type=\"application\/ld+json\" class=\"yoast-schema-graph\">{\"@context\":\"https:\/\/schema.org\",\"@graph\":[{\"@type\":\"WebPage\",\"@id\":\"http:\/\/aliancafrancesajuizdefora.com.br\/index.php\/politics\/\",\"url\":\"http:\/\/aliancafrancesajuizdefora.com.br\/index.php\/politics\/\",\"name\":\"Curso franc\u00eas instrumental - Franc\u00eas com cultura\",\"isPartOf\":{\"@id\":\"http:\/\/aliancafrancesajuizdefora.com.br\/#website\"},\"primaryImageOfPage\":{\"@id\":\"http:\/\/aliancafrancesajuizdefora.com.br\/index.php\/politics\/#primaryimage\"},\"image\":{\"@id\":\"http:\/\/aliancafrancesajuizdefora.com.br\/index.php\/politics\/#primaryimage\"},\"thumbnailUrl\":\"http:\/\/aliancafrancesajuizdefora.com.br\/wp-content\/uploads\/2022\/11\/12-3.jpg\",\"datePublished\":\"2018-02-25T09:43:54+00:00\",\"dateModified\":\"2022-12-06T20:07:25+00:00\",\"breadcrumb\":{\"@id\":\"http:\/\/aliancafrancesajuizdefora.com.br\/index.php\/politics\/#breadcrumb\"},\"inLanguage\":\"pt-BR\",\"potentialAction\":[{\"@type\":\"ReadAction\",\"target\":[\"http:\/\/aliancafrancesajuizdefora.com.br\/index.php\/politics\/\"]}]},{\"@type\":\"ImageObject\",\"inLanguage\":\"pt-BR\",\"@id\":\"http:\/\/aliancafrancesajuizdefora.com.br\/index.php\/politics\/#primaryimage\",\"url\":\"http:\/\/aliancafrancesajuizdefora.com.br\/wp-content\/uploads\/2022\/11\/12-3.jpg\",\"contentUrl\":\"http:\/\/aliancafrancesajuizdefora.com.br\/wp-content\/uploads\/2022\/11\/12-3.jpg\",\"width\":1080,\"height\":1080},{\"@type\":\"BreadcrumbList\",\"@id\":\"http:\/\/aliancafrancesajuizdefora.com.br\/index.php\/politics\/#breadcrumb\",\"itemListElement\":[{\"@type\":\"ListItem\",\"position\":1,\"name\":\"In\u00edcio\",\"item\":\"http:\/\/aliancafrancesajuizdefora.com.br\/\"},{\"@type\":\"ListItem\",\"position\":2,\"name\":\"Curso franc\u00eas instrumental\"}]},{\"@type\":\"WebSite\",\"@id\":\"http:\/\/aliancafrancesajuizdefora.com.br\/#website\",\"url\":\"http:\/\/aliancafrancesajuizdefora.com.br\/\",\"name\":\"Franc\u00eas com cultura\",\"description\":\"\",\"publisher\":{\"@id\":\"http:\/\/aliancafrancesajuizdefora.com.br\/#organization\"},\"potentialAction\":[{\"@type\":\"SearchAction\",\"target\":{\"@type\":\"EntryPoint\",\"urlTemplate\":\"http:\/\/aliancafrancesajuizdefora.com.br\/?s={search_term_string}\"},\"query-input\":{\"@type\":\"PropertyValueSpecification\",\"valueRequired\":true,\"valueName\":\"search_term_string\"}}],\"inLanguage\":\"pt-BR\"},{\"@type\":\"Organization\",\"@id\":\"http:\/\/aliancafrancesajuizdefora.com.br\/#organization\",\"name\":\"Franc\u00eas com cultura\",\"url\":\"http:\/\/aliancafrancesajuizdefora.com.br\/\",\"logo\":{\"@type\":\"ImageObject\",\"inLanguage\":\"pt-BR\",\"@id\":\"http:\/\/aliancafrancesajuizdefora.com.br\/#\/schema\/logo\/image\/\",\"url\":\"http:\/\/aliancafrancesajuizdefora.com.br\/wp-content\/uploads\/2022\/10\/cropped-Captura-de-tela-2022-10-24-101020-e1666618071682.jpg\",\"contentUrl\":\"http:\/\/aliancafrancesajuizdefora.com.br\/wp-content\/uploads\/2022\/10\/cropped-Captura-de-tela-2022-10-24-101020-e1666618071682.jpg\",\"width\":200,\"height\":47,\"caption\":\"Franc\u00eas com cultura\"},\"image\":{\"@id\":\"http:\/\/aliancafrancesajuizdefora.com.br\/#\/schema\/logo\/image\/\"}}]}<\/script>\n<!-- \/ Yoast SEO plugin. -->","yoast_head_json":{"title":"Curso franc\u00eas instrumental - Franc\u00eas com cultura","robots":{"index":"index","follow":"follow","max-snippet":"max-snippet:-1","max-image-preview":"max-image-preview:large","max-video-preview":"max-video-preview:-1"},"canonical":"http:\/\/aliancafrancesajuizdefora.com.br\/index.php\/politics\/","og_locale":"pt_BR","og_type":"article","og_title":"Curso franc\u00eas instrumental - Franc\u00eas com cultura","og_description":"CURSO FRANC\u00caS INSTRUMENTAL CURSO FRANC\u00caS INSTRUMENTAL O curso de Franc\u00eas instrumental visa desenvolver a pr\u00e1tica de leitura em l\u00edngua francesa. Destina-se aos estudantes que se preparam para uma universidade francesa ou franc\u00f3fona e que necessitam comprovar seu n\u00edvel de compreens\u00e3o escrita no...","og_url":"http:\/\/aliancafrancesajuizdefora.com.br\/index.php\/politics\/","og_site_name":"Franc\u00eas com cultura","article_modified_time":"2022-12-06T20:07:25+00:00","og_image":[{"width":1080,"height":1080,"url":"http:\/\/aliancafrancesajuizdefora.com.br\/wp-content\/uploads\/2022\/11\/12-3.jpg","type":"image\/jpeg"}],"twitter_card":"summary_large_image","twitter_misc":{"Est. tempo de leitura":"1 minuto"},"schema":{"@context":"https:\/\/schema.org","@graph":[{"@type":"WebPage","@id":"http:\/\/aliancafrancesajuizdefora.com.br\/index.php\/politics\/","url":"http:\/\/aliancafrancesajuizdefora.com.br\/index.php\/politics\/","name":"Curso franc\u00eas instrumental - Franc\u00eas com cultura","isPartOf":{"@id":"http:\/\/aliancafrancesajuizdefora.com.br\/#website"},"primaryImageOfPage":{"@id":"http:\/\/aliancafrancesajuizdefora.com.br\/index.php\/politics\/#primaryimage"},"image":{"@id":"http:\/\/aliancafrancesajuizdefora.com.br\/index.php\/politics\/#primaryimage"},"thumbnailUrl":"http:\/\/aliancafrancesajuizdefora.com.br\/wp-content\/uploads\/2022\/11\/12-3.jpg","datePublished":"2018-02-25T09:43:54+00:00","dateModified":"2022-12-06T20:07:25+00:00","breadcrumb":{"@id":"http:\/\/aliancafrancesajuizdefora.com.br\/index.php\/politics\/#breadcrumb"},"inLanguage":"pt-BR","potentialAction":[{"@type":"ReadAction","target":["http:\/\/aliancafrancesajuizdefora.com.br\/index.php\/politics\/"]}]},{"@type":"ImageObject","inLanguage":"pt-BR","@id":"http:\/\/aliancafrancesajuizdefora.com.br\/index.php\/politics\/#primaryimage","url":"http:\/\/aliancafrancesajuizdefora.com.br\/wp-content\/uploads\/2022\/11\/12-3.jpg","contentUrl":"http:\/\/aliancafrancesajuizdefora.com.br\/wp-content\/uploads\/2022\/11\/12-3.jpg","width":1080,"height":1080},{"@type":"BreadcrumbList","@id":"http:\/\/aliancafrancesajuizdefora.com.br\/index.php\/politics\/#breadcrumb","itemListElement":[{"@type":"ListItem","position":1,"name":"In\u00edcio","item":"http:\/\/aliancafrancesajuizdefora.com.br\/"},{"@type":"ListItem","position":2,"name":"Curso franc\u00eas instrumental"}]},{"@type":"WebSite","@id":"http:\/\/aliancafrancesajuizdefora.com.br\/#website","url":"http:\/\/aliancafrancesajuizdefora.com.br\/","name":"Franc\u00eas com cultura","description":"","publisher":{"@id":"http:\/\/aliancafrancesajuizdefora.com.br\/#organization"},"potentialAction":[{"@type":"SearchAction","target":{"@type":"EntryPoint","urlTemplate":"http:\/\/aliancafrancesajuizdefora.com.br\/?s={search_term_string}"},"query-input":{"@type":"PropertyValueSpecification","valueRequired":true,"valueName":"search_term_string"}}],"inLanguage":"pt-BR"},{"@type":"Organization","@id":"http:\/\/aliancafrancesajuizdefora.com.br\/#organization","name":"Franc\u00eas com cultura","url":"http:\/\/aliancafrancesajuizdefora.com.br\/","logo":{"@type":"ImageObject","inLanguage":"pt-BR","@id":"http:\/\/aliancafrancesajuizdefora.com.br\/#\/schema\/logo\/image\/","url":"http:\/\/aliancafrancesajuizdefora.com.br\/wp-content\/uploads\/2022\/10\/cropped-Captura-de-tela-2022-10-24-101020-e1666618071682.jpg","contentUrl":"http:\/\/aliancafrancesajuizdefora.com.br\/wp-content\/uploads\/2022\/10\/cropped-Captura-de-tela-2022-10-24-101020-e1666618071682.jpg","width":200,"height":47,"caption":"Franc\u00eas com cultura"},"image":{"@id":"http:\/\/aliancafrancesajuizdefora.com.br\/#\/schema\/logo\/image\/"}}]}},"uagb_featured_image_src":{"full":["http:\/\/aliancafrancesajuizdefora.com.br\/wp-content\/uploads\/2022\/11\/12-3.jpg",1080,1080,false],"thumbnail":["http:\/\/aliancafrancesajuizdefora.com.br\/wp-content\/uploads\/2022\/11\/12-3-150x150.jpg",150,150,true],"medium":["http:\/\/aliancafrancesajuizdefora.com.br\/wp-content\/uploads\/2022\/11\/12-3-300x300.jpg",300,300,true],"medium_large":["http:\/\/aliancafrancesajuizdefora.com.br\/wp-content\/uploads\/2022\/11\/12-3-768x768.jpg",640,640,true],"large":["http:\/\/aliancafrancesajuizdefora.com.br\/wp-content\/uploads\/2022\/11\/12-3-1024x1024.jpg",640,640,true],"1536x1536":["http:\/\/aliancafrancesajuizdefora.com.br\/wp-content\/uploads\/2022\/11\/12-3.jpg",1080,1080,false],"2048x2048":["http:\/\/aliancafrancesajuizdefora.com.br\/wp-content\/uploads\/2022\/11\/12-3.jpg",1080,1080,false],"educenter-slider":["http:\/\/aliancafrancesajuizdefora.com.br\/wp-content\/uploads\/2022\/11\/12-3-1080x600.jpg",1080,600,true],"educenter-large":["http:\/\/aliancafrancesajuizdefora.com.br\/wp-content\/uploads\/2022\/11\/12-3-840x450.jpg",840,450,true],"educenter-gallery":["http:\/\/aliancafrancesajuizdefora.com.br\/wp-content\/uploads\/2022\/11\/12-3-400x290.jpg",400,290,true],"educenter-team":["http:\/\/aliancafrancesajuizdefora.com.br\/wp-content\/uploads\/2022\/11\/12-3-400x510.jpg",400,510,true],"form-edit-image-preview":["http:\/\/aliancafrancesajuizdefora.com.br\/wp-content\/uploads\/2022\/11\/12-3-116x116.jpg",116,116,true]},"uagb_author_info":{"display_name":"AFJuizdeFora","author_link":"http:\/\/aliancafrancesajuizdefora.com.br\/index.php\/author\/afjuizdefora\/"},"uagb_comment_info":0,"uagb_excerpt":"CURSO FRANC\u00caS INSTRUMENTAL CURSO FRANC\u00caS INSTRUMENTAL O curso de Franc\u00eas instrumental visa desenvolver a pr\u00e1tica de leitura em l\u00edngua francesa. Destina-se aos estudantes que se preparam para uma universidade francesa ou franc\u00f3fona e que necessitam comprovar seu n\u00edvel de compreens\u00e3o escrita no...","_links":{"self":[{"href":"http:\/\/aliancafrancesajuizdefora.com.br\/index.php\/wp-json\/wp\/v2\/pages\/36","targetHints":{"allow":["GET"]}}],"collection":[{"href":"http:\/\/aliancafrancesajuizdefora.com.br\/index.php\/wp-json\/wp\/v2\/pages"}],"about":[{"href":"http:\/\/aliancafrancesajuizdefora.com.br\/index.php\/wp-json\/wp\/v2\/types\/page"}],"author":[{"embeddable":true,"href":"http:\/\/aliancafrancesajuizdefora.com.br\/index.php\/wp-json\/wp\/v2\/users\/1"}],"replies":[{"embeddable":true,"href":"http:\/\/aliancafrancesajuizdefora.com.br\/index.php\/wp-json\/wp\/v2\/comments?post=36"}],"version-history":[{"count":63,"href":"http:\/\/aliancafrancesajuizdefora.com.br\/index.php\/wp-json\/wp\/v2\/pages\/36\/revisions"}],"predecessor-version":[{"id":11338,"href":"http:\/\/aliancafrancesajuizdefora.com.br\/index.php\/wp-json\/wp\/v2\/pages\/36\/revisions\/11338"}],"wp:featuredmedia":[{"embeddable":true,"href":"http:\/\/aliancafrancesajuizdefora.com.br\/index.php\/wp-json\/wp\/v2\/media\/10889"}],"wp:attachment":[{"href":"http:\/\/aliancafrancesajuizdefora.com.br\/index.php\/wp-json\/wp\/v2\/media?parent=36"}],"curies":[{"name":"wp","href":"https:\/\/api.w.org\/{rel}","templated":true}]}}