{"id":11425,"date":"2023-06-28T19:49:09","date_gmt":"2023-06-28T22:49:09","guid":{"rendered":"http:\/\/aliancafrancesajuizdefora.com.br\/?page_id=11425"},"modified":"2025-03-12T09:43:35","modified_gmt":"2025-03-12T12:43:35","slug":"af-cinema","status":"publish","type":"page","link":"http:\/\/aliancafrancesajuizdefora.com.br\/index.php\/af-cinema\/","title":{"rendered":"AF Cinema"},"content":{"rendered":"\t\t<div data-elementor-type=\"wp-page\" data-elementor-id=\"11425\" class=\"elementor elementor-11425\">\n\t\t\t\t\t\t<section class=\"elementor-section elementor-top-section elementor-element elementor-element-8700d32 elementor-section-boxed elementor-section-height-default elementor-section-height-default\" data-id=\"8700d32\" data-element_type=\"section\" data-e-type=\"section\">\n\t\t\t\t\t\t<div class=\"elementor-container elementor-column-gap-default\">\n\t\t\t\t\t<div class=\"elementor-column elementor-col-50 elementor-top-column elementor-element elementor-element-1f195b9\" data-id=\"1f195b9\" data-element_type=\"column\" data-e-type=\"column\">\n\t\t\t<div class=\"elementor-widget-wrap\">\n\t\t\t\t\t\t\t<\/div>\n\t\t<\/div>\n\t\t\t\t<div class=\"elementor-column elementor-col-50 elementor-top-column elementor-element elementor-element-7d9b10b\" data-id=\"7d9b10b\" data-element_type=\"column\" data-e-type=\"column\">\n\t\t\t<div class=\"elementor-widget-wrap\">\n\t\t\t\t\t\t\t<\/div>\n\t\t<\/div>\n\t\t\t\t\t<\/div>\n\t\t<\/section>\n\t\t\t\t<section class=\"elementor-section elementor-top-section elementor-element elementor-element-67e2051 elementor-section-boxed elementor-section-height-default elementor-section-height-default\" data-id=\"67e2051\" data-element_type=\"section\" data-e-type=\"section\">\n\t\t\t\t\t\t<div class=\"elementor-container elementor-column-gap-default\">\n\t\t\t\t\t<div class=\"elementor-column elementor-col-50 elementor-top-column elementor-element elementor-element-dab6325\" data-id=\"dab6325\" data-element_type=\"column\" data-e-type=\"column\">\n\t\t\t<div class=\"elementor-widget-wrap elementor-element-populated\">\n\t\t\t\t\t\t<div class=\"elementor-element elementor-element-d7e15ed elementor-widget elementor-widget-heading\" data-id=\"d7e15ed\" data-element_type=\"widget\" data-e-type=\"widget\" data-widget_type=\"heading.default\">\n\t\t\t\t<div class=\"elementor-widget-container\">\n\t\t\t\t\t<h2 class=\"elementor-heading-title elementor-size-default\">AF CINEMA<\/h2>\t\t\t\t<\/div>\n\t\t\t\t<\/div>\n\t\t\t\t<div class=\"elementor-element elementor-element-0b44ada elementor-widget elementor-widget-text-editor\" data-id=\"0b44ada\" data-element_type=\"widget\" data-e-type=\"widget\" data-widget_type=\"text-editor.default\">\n\t\t\t\t<div class=\"elementor-widget-container\">\n\t\t\t\t\t\t\t\t\t<h3>PROJETO AF CINEMA toda \u00faltima sexta-feira do m\u00eas a Alian\u00e7a Francesa de Juiz de Fora traz cinema gratuito para voc\u00ea. Ser\u00e3o exibidos filmes franc\u00f3fonos legendados em portugu\u00eas.\u00a0 \u00a0 \u00a0 \u00a0 \u00a0 \u00a0 \u00a0 \u00a0\u00a0<\/h3>\t\t\t\t\t\t\t\t<\/div>\n\t\t\t\t<\/div>\n\t\t\t\t<section class=\"elementor-section elementor-inner-section elementor-element elementor-element-725d570 elementor-section-boxed elementor-section-height-default elementor-section-height-default\" data-id=\"725d570\" data-element_type=\"section\" data-e-type=\"section\">\n\t\t\t\t\t\t<div class=\"elementor-container elementor-column-gap-default\">\n\t\t\t\t\t<div class=\"elementor-column elementor-col-50 elementor-inner-column elementor-element elementor-element-a61eca9\" data-id=\"a61eca9\" data-element_type=\"column\" data-e-type=\"column\">\n\t\t\t<div class=\"elementor-widget-wrap elementor-element-populated\">\n\t\t\t\t\t\t<div class=\"elementor-element elementor-element-bf81200 elementor-widget elementor-widget-heading\" data-id=\"bf81200\" data-element_type=\"widget\" data-e-type=\"widget\" data-widget_type=\"heading.default\">\n\t\t\t\t<div class=\"elementor-widget-container\">\n\t\t\t\t\t<h3 class=\"elementor-heading-title elementor-size-default\">Inscri\u00e7\u00e3o: 14\/03\/25 - AF Cinema - Simone: Le voyage du si\u00e8cle<\/h3>\t\t\t\t<\/div>\n\t\t\t\t<\/div>\n\t\t\t\t<div class=\"elementor-element elementor-element-7117927 elementor-widget elementor-widget-text-editor\" data-id=\"7117927\" data-element_type=\"widget\" data-e-type=\"widget\" data-widget_type=\"text-editor.default\">\n\t\t\t\t<div class=\"elementor-widget-container\">\n\t\t\t\t\t\t\t\t\t<p class=\"x_p1\"><span class=\"x_s1\" data-olk-copy-source=\"MessageBody\">\ud83c\udfac\u00a0<\/span><span class=\"x_s2\">Sess\u00e3o Especial de Cinema \u2013 Em Comemora\u00e7\u00e3o ao Dia Internacional da Mulher<\/span><\/p><p class=\"x_p1\"><span class=\"x_s1\">No dia\u00a0<\/span><span class=\"x_s2\">14 de mar\u00e7o, \u00e0s 16h<\/span><span class=\"x_s1\">, a\u00a0<\/span><span class=\"x_s2\">Alian\u00e7a Francesa de Juiz de Fora<\/span><span class=\"x_s1\">\u00a0convida voc\u00ea para a exibi\u00e7\u00e3o do bel\u00edssimo filme\u00a0<\/span><span class=\"x_s2\">\u201cSimone, Le Voyage du Si\u00e8cle\u201d<\/span><span class=\"x_s1\">, uma inspiradora homenagem \u00e0 trajet\u00f3ria de\u00a0<\/span><span class=\"x_s2\">Simone Veil<\/span><span class=\"x_s1\">, a famosa personalidade francesa , de origem judia, que sobreviveu ao holocausto e se tornou uma importante politica, defensora dos direitos humanos e feminista. Foi ministra da saude do governo franc\u00eas e primeira mulher a ser presidente do Parlamento europeu.<\/span><\/p><p class=\"x_p1\"><span class=\"x_s1\">\u2728\u00a0<\/span><span class=\"x_s2\">Sinopse<\/span><span class=\"x_s1\">: O filme retrata o destino de\u00a0<\/span><span class=\"x_s2\">Simone Veil<\/span><span class=\"x_s1\">, sua inf\u00e2ncia, suas lutas pol\u00edticas e suas trag\u00e9dias. Um retrato \u00e9pico e \u00edntimo de uma mulher extraordin\u00e1ria que desafiou sua \u00e9poca ao defender um legado humanista de grande relev\u00e2ncia at\u00e9 os dias de hoje.<\/span><\/p><p class=\"x_p1\"><span class=\"x_s1\">\ud83d\udcfd\ufe0f\u00a0<\/span><span class=\"x_s2\">Detalhes da sess\u00e3o:<\/span><\/p><p class=\"x_p1\"><span class=\"x_s1\">\ud83d\udccd\u00a0<\/span><span class=\"x_s2\">Local:<\/span><span class=\"x_s1\">\u00a0Alian\u00e7a Francesa de Juiz de Fora \u2013 Rua Morais e Castro, 300, sala 220 (Shopping Alameda)<\/span><\/p><p class=\"x_p1\"><span class=\"x_s1\">\ud83d\udcc5\u00a0<\/span><span class=\"x_s2\">Data:<\/span><span class=\"x_s1\">\u00a014 de mar\u00e7o<\/span><\/p><p class=\"x_p1\"><span class=\"x_s1\">\ud83d\udd53\u00a0<\/span><span class=\"x_s2\">Hor\u00e1rio:<\/span><span class=\"x_s1\">\u00a016h<\/span><\/p><p class=\"x_p1\"><span class=\"x_s1\">\ud83c\udf9e\ufe0f\u00a0<\/span><span class=\"x_s2\">Exibi\u00e7\u00e3o em franc\u00eas, com legendas em portugu\u00eas<\/span><\/p><p class=\"x_p1\"><span class=\"x_s1\">\ud83c\udf9f\ufe0f\u00a0<\/span><span class=\"x_s2\">Entrada gratuita<\/span><\/p><p class=\"x_p1\"><span class=\"x_s1\">\ud83d\udcde\u00a0<\/span><span class=\"x_s2\">Mais informa\u00e7\u00f5es:<\/span><span class=\"x_s1\"> (32) 98860-2668\u00a0<\/span><\/p>\t\t\t\t\t\t\t\t<\/div>\n\t\t\t\t<\/div>\n\t\t\t\t<div class=\"elementor-element elementor-element-a5c4c3c elementor-widget elementor-widget-button\" data-id=\"a5c4c3c\" data-element_type=\"widget\" data-e-type=\"widget\" data-widget_type=\"button.default\">\n\t\t\t\t<div class=\"elementor-widget-container\">\n\t\t\t\t\t\t\t\t\t<div class=\"elementor-button-wrapper\">\n\t\t\t\t\t<a class=\"elementor-button elementor-button-link elementor-size-sm\" href=\"https:\/\/forms.gle\/unBLRpJjpRv8RJFw6\">\n\t\t\t\t\t\t<span class=\"elementor-button-content-wrapper\">\n\t\t\t\t\t\t\t\t\t<span class=\"elementor-button-text\">Garanta seu ingresso<\/span>\n\t\t\t\t\t<\/span>\n\t\t\t\t\t<\/a>\n\t\t\t\t<\/div>\n\t\t\t\t\t\t\t\t<\/div>\n\t\t\t\t<\/div>\n\t\t\t\t\t<\/div>\n\t\t<\/div>\n\t\t\t\t<div class=\"elementor-column elementor-col-50 elementor-inner-column elementor-element elementor-element-d68a9b2\" data-id=\"d68a9b2\" data-element_type=\"column\" data-e-type=\"column\">\n\t\t\t<div class=\"elementor-widget-wrap elementor-element-populated\">\n\t\t\t\t\t\t<div class=\"elementor-element elementor-element-c5e650a elementor-widget elementor-widget-video\" data-id=\"c5e650a\" data-element_type=\"widget\" data-e-type=\"widget\" data-settings=\"{&quot;video_type&quot;:&quot;hosted&quot;,&quot;start&quot;:83,&quot;controls&quot;:&quot;yes&quot;}\" data-widget_type=\"video.default\">\n\t\t\t\t<div class=\"elementor-widget-container\">\n\t\t\t\t\t\t\t<div class=\"e-hosted-video elementor-wrapper elementor-open-inline\">\n\t\t\t\t\t<video class=\"elementor-video\" src=\"http:\/\/aliancafrancesajuizdefora.com.br\/wp-content\/uploads\/2025\/03\/AFJF-AFCinema.mp4#t=83\" controls=\"\" preload=\"metadata\" controlsList=\"nodownload\"><\/video>\n\t\t\t\t<\/div>\n\t\t\t\t\t\t<\/div>\n\t\t\t\t<\/div>\n\t\t\t\t\t<\/div>\n\t\t<\/div>\n\t\t\t\t\t<\/div>\n\t\t<\/section>\n\t\t\t\t\t<\/div>\n\t\t<\/div>\n\t\t\t\t<div class=\"elementor-column elementor-col-50 elementor-top-column elementor-element elementor-element-d6facba\" data-id=\"d6facba\" data-element_type=\"column\" data-e-type=\"column\">\n\t\t\t<div class=\"elementor-widget-wrap\">\n\t\t\t\t\t\t\t<\/div>\n\t\t<\/div>\n\t\t\t\t\t<\/div>\n\t\t<\/section>\n\t\t\t\t<\/div>\n\t\t","protected":false},"excerpt":{"rendered":"<p>AF CINEMA PROJETO AF CINEMA toda \u00faltima sexta-feira do m\u00eas a Alian\u00e7a Francesa de Juiz de Fora traz cinema gratuito para voc\u00ea. Ser\u00e3o exibidos filmes franc\u00f3fonos legendados em portugu\u00eas.\u00a0 \u00a0 \u00a0 \u00a0 \u00a0 \u00a0 \u00a0 \u00a0\u00a0 Inscri\u00e7\u00e3o: 14\/03\/25 &#8211; AF Cinema &#8211;&#8230;<\/p>\n","protected":false},"author":1,"featured_media":0,"parent":0,"menu_order":0,"comment_status":"closed","ping_status":"closed","template":"elementor_header_footer","meta":{"_uag_custom_page_level_css":"","footnotes":""},"class_list":["post-11425","page","type-page","status-publish","hentry"],"yoast_head":"<!-- This site is optimized with the Yoast SEO plugin v26.1.1 - https:\/\/yoast.com\/wordpress\/plugins\/seo\/ -->\n<title>AF Cinema - Franc\u00eas com cultura<\/title>\n<meta name=\"robots\" content=\"index, follow, max-snippet:-1, max-image-preview:large, max-video-preview:-1\" \/>\n<link rel=\"canonical\" href=\"http:\/\/aliancafrancesajuizdefora.com.br\/index.php\/af-cinema\/\" \/>\n<meta property=\"og:locale\" content=\"pt_BR\" \/>\n<meta property=\"og:type\" content=\"article\" \/>\n<meta property=\"og:title\" content=\"AF Cinema - Franc\u00eas com cultura\" \/>\n<meta property=\"og:description\" content=\"AF CINEMA PROJETO AF CINEMA toda \u00faltima sexta-feira do m\u00eas a Alian\u00e7a Francesa de Juiz de Fora traz cinema gratuito para voc\u00ea. Ser\u00e3o exibidos filmes franc\u00f3fonos legendados em portugu\u00eas.\u00a0 \u00a0 \u00a0 \u00a0 \u00a0 \u00a0 \u00a0 \u00a0\u00a0 Inscri\u00e7\u00e3o: 14\/03\/25 &#8211; AF Cinema &#8211;...\" \/>\n<meta property=\"og:url\" content=\"http:\/\/aliancafrancesajuizdefora.com.br\/index.php\/af-cinema\/\" \/>\n<meta property=\"og:site_name\" content=\"Franc\u00eas com cultura\" \/>\n<meta property=\"article:modified_time\" content=\"2025-03-12T12:43:35+00:00\" \/>\n<meta name=\"twitter:card\" content=\"summary_large_image\" \/>\n<meta name=\"twitter:label1\" content=\"Est. tempo de leitura\" \/>\n\t<meta name=\"twitter:data1\" content=\"2 minutos\" \/>\n<script type=\"application\/ld+json\" class=\"yoast-schema-graph\">{\"@context\":\"https:\/\/schema.org\",\"@graph\":[{\"@type\":\"WebPage\",\"@id\":\"http:\/\/aliancafrancesajuizdefora.com.br\/index.php\/af-cinema\/\",\"url\":\"http:\/\/aliancafrancesajuizdefora.com.br\/index.php\/af-cinema\/\",\"name\":\"AF Cinema - Franc\u00eas com cultura\",\"isPartOf\":{\"@id\":\"http:\/\/aliancafrancesajuizdefora.com.br\/#website\"},\"datePublished\":\"2023-06-28T22:49:09+00:00\",\"dateModified\":\"2025-03-12T12:43:35+00:00\",\"breadcrumb\":{\"@id\":\"http:\/\/aliancafrancesajuizdefora.com.br\/index.php\/af-cinema\/#breadcrumb\"},\"inLanguage\":\"pt-BR\",\"potentialAction\":[{\"@type\":\"ReadAction\",\"target\":[\"http:\/\/aliancafrancesajuizdefora.com.br\/index.php\/af-cinema\/\"]}]},{\"@type\":\"BreadcrumbList\",\"@id\":\"http:\/\/aliancafrancesajuizdefora.com.br\/index.php\/af-cinema\/#breadcrumb\",\"itemListElement\":[{\"@type\":\"ListItem\",\"position\":1,\"name\":\"In\u00edcio\",\"item\":\"http:\/\/aliancafrancesajuizdefora.com.br\/\"},{\"@type\":\"ListItem\",\"position\":2,\"name\":\"AF Cinema\"}]},{\"@type\":\"WebSite\",\"@id\":\"http:\/\/aliancafrancesajuizdefora.com.br\/#website\",\"url\":\"http:\/\/aliancafrancesajuizdefora.com.br\/\",\"name\":\"Franc\u00eas com cultura\",\"description\":\"\",\"publisher\":{\"@id\":\"http:\/\/aliancafrancesajuizdefora.com.br\/#organization\"},\"potentialAction\":[{\"@type\":\"SearchAction\",\"target\":{\"@type\":\"EntryPoint\",\"urlTemplate\":\"http:\/\/aliancafrancesajuizdefora.com.br\/?s={search_term_string}\"},\"query-input\":{\"@type\":\"PropertyValueSpecification\",\"valueRequired\":true,\"valueName\":\"search_term_string\"}}],\"inLanguage\":\"pt-BR\"},{\"@type\":\"Organization\",\"@id\":\"http:\/\/aliancafrancesajuizdefora.com.br\/#organization\",\"name\":\"Franc\u00eas com cultura\",\"url\":\"http:\/\/aliancafrancesajuizdefora.com.br\/\",\"logo\":{\"@type\":\"ImageObject\",\"inLanguage\":\"pt-BR\",\"@id\":\"http:\/\/aliancafrancesajuizdefora.com.br\/#\/schema\/logo\/image\/\",\"url\":\"http:\/\/aliancafrancesajuizdefora.com.br\/wp-content\/uploads\/2022\/10\/cropped-Captura-de-tela-2022-10-24-101020-e1666618071682.jpg\",\"contentUrl\":\"http:\/\/aliancafrancesajuizdefora.com.br\/wp-content\/uploads\/2022\/10\/cropped-Captura-de-tela-2022-10-24-101020-e1666618071682.jpg\",\"width\":200,\"height\":47,\"caption\":\"Franc\u00eas com cultura\"},\"image\":{\"@id\":\"http:\/\/aliancafrancesajuizdefora.com.br\/#\/schema\/logo\/image\/\"}}]}<\/script>\n<!-- \/ Yoast SEO plugin. -->","yoast_head_json":{"title":"AF Cinema - Franc\u00eas com cultura","robots":{"index":"index","follow":"follow","max-snippet":"max-snippet:-1","max-image-preview":"max-image-preview:large","max-video-preview":"max-video-preview:-1"},"canonical":"http:\/\/aliancafrancesajuizdefora.com.br\/index.php\/af-cinema\/","og_locale":"pt_BR","og_type":"article","og_title":"AF Cinema - Franc\u00eas com cultura","og_description":"AF CINEMA PROJETO AF CINEMA toda \u00faltima sexta-feira do m\u00eas a Alian\u00e7a Francesa de Juiz de Fora traz cinema gratuito para voc\u00ea. Ser\u00e3o exibidos filmes franc\u00f3fonos legendados em portugu\u00eas.\u00a0 \u00a0 \u00a0 \u00a0 \u00a0 \u00a0 \u00a0 \u00a0\u00a0 Inscri\u00e7\u00e3o: 14\/03\/25 &#8211; AF Cinema &#8211;...","og_url":"http:\/\/aliancafrancesajuizdefora.com.br\/index.php\/af-cinema\/","og_site_name":"Franc\u00eas com cultura","article_modified_time":"2025-03-12T12:43:35+00:00","twitter_card":"summary_large_image","twitter_misc":{"Est. tempo de leitura":"2 minutos"},"schema":{"@context":"https:\/\/schema.org","@graph":[{"@type":"WebPage","@id":"http:\/\/aliancafrancesajuizdefora.com.br\/index.php\/af-cinema\/","url":"http:\/\/aliancafrancesajuizdefora.com.br\/index.php\/af-cinema\/","name":"AF Cinema - Franc\u00eas com cultura","isPartOf":{"@id":"http:\/\/aliancafrancesajuizdefora.com.br\/#website"},"datePublished":"2023-06-28T22:49:09+00:00","dateModified":"2025-03-12T12:43:35+00:00","breadcrumb":{"@id":"http:\/\/aliancafrancesajuizdefora.com.br\/index.php\/af-cinema\/#breadcrumb"},"inLanguage":"pt-BR","potentialAction":[{"@type":"ReadAction","target":["http:\/\/aliancafrancesajuizdefora.com.br\/index.php\/af-cinema\/"]}]},{"@type":"BreadcrumbList","@id":"http:\/\/aliancafrancesajuizdefora.com.br\/index.php\/af-cinema\/#breadcrumb","itemListElement":[{"@type":"ListItem","position":1,"name":"In\u00edcio","item":"http:\/\/aliancafrancesajuizdefora.com.br\/"},{"@type":"ListItem","position":2,"name":"AF Cinema"}]},{"@type":"WebSite","@id":"http:\/\/aliancafrancesajuizdefora.com.br\/#website","url":"http:\/\/aliancafrancesajuizdefora.com.br\/","name":"Franc\u00eas com cultura","description":"","publisher":{"@id":"http:\/\/aliancafrancesajuizdefora.com.br\/#organization"},"potentialAction":[{"@type":"SearchAction","target":{"@type":"EntryPoint","urlTemplate":"http:\/\/aliancafrancesajuizdefora.com.br\/?s={search_term_string}"},"query-input":{"@type":"PropertyValueSpecification","valueRequired":true,"valueName":"search_term_string"}}],"inLanguage":"pt-BR"},{"@type":"Organization","@id":"http:\/\/aliancafrancesajuizdefora.com.br\/#organization","name":"Franc\u00eas com cultura","url":"http:\/\/aliancafrancesajuizdefora.com.br\/","logo":{"@type":"ImageObject","inLanguage":"pt-BR","@id":"http:\/\/aliancafrancesajuizdefora.com.br\/#\/schema\/logo\/image\/","url":"http:\/\/aliancafrancesajuizdefora.com.br\/wp-content\/uploads\/2022\/10\/cropped-Captura-de-tela-2022-10-24-101020-e1666618071682.jpg","contentUrl":"http:\/\/aliancafrancesajuizdefora.com.br\/wp-content\/uploads\/2022\/10\/cropped-Captura-de-tela-2022-10-24-101020-e1666618071682.jpg","width":200,"height":47,"caption":"Franc\u00eas com cultura"},"image":{"@id":"http:\/\/aliancafrancesajuizdefora.com.br\/#\/schema\/logo\/image\/"}}]}},"uagb_featured_image_src":{"full":false,"thumbnail":false,"medium":false,"medium_large":false,"large":false,"1536x1536":false,"2048x2048":false,"educenter-slider":false,"educenter-large":false,"educenter-gallery":false,"educenter-team":false,"form-edit-image-preview":false},"uagb_author_info":{"display_name":"AFJuizdeFora","author_link":"http:\/\/aliancafrancesajuizdefora.com.br\/index.php\/author\/afjuizdefora\/"},"uagb_comment_info":0,"uagb_excerpt":"AF CINEMA PROJETO AF CINEMA toda \u00faltima sexta-feira do m\u00eas a Alian\u00e7a Francesa de Juiz de Fora traz cinema gratuito para voc\u00ea. Ser\u00e3o exibidos filmes franc\u00f3fonos legendados em portugu\u00eas.\u00a0 \u00a0 \u00a0 \u00a0 \u00a0 \u00a0 \u00a0 \u00a0\u00a0 Inscri\u00e7\u00e3o: 14\/03\/25 &#8211; AF Cinema &#8211;...","_links":{"self":[{"href":"http:\/\/aliancafrancesajuizdefora.com.br\/index.php\/wp-json\/wp\/v2\/pages\/11425","targetHints":{"allow":["GET"]}}],"collection":[{"href":"http:\/\/aliancafrancesajuizdefora.com.br\/index.php\/wp-json\/wp\/v2\/pages"}],"about":[{"href":"http:\/\/aliancafrancesajuizdefora.com.br\/index.php\/wp-json\/wp\/v2\/types\/page"}],"author":[{"embeddable":true,"href":"http:\/\/aliancafrancesajuizdefora.com.br\/index.php\/wp-json\/wp\/v2\/users\/1"}],"replies":[{"embeddable":true,"href":"http:\/\/aliancafrancesajuizdefora.com.br\/index.php\/wp-json\/wp\/v2\/comments?post=11425"}],"version-history":[{"count":104,"href":"http:\/\/aliancafrancesajuizdefora.com.br\/index.php\/wp-json\/wp\/v2\/pages\/11425\/revisions"}],"predecessor-version":[{"id":11699,"href":"http:\/\/aliancafrancesajuizdefora.com.br\/index.php\/wp-json\/wp\/v2\/pages\/11425\/revisions\/11699"}],"wp:attachment":[{"href":"http:\/\/aliancafrancesajuizdefora.com.br\/index.php\/wp-json\/wp\/v2\/media?parent=11425"}],"curies":[{"name":"wp","href":"https:\/\/api.w.org\/{rel}","templated":true}]}}