{"id":10640,"date":"2022-11-21T13:37:57","date_gmt":"2022-11-21T16:37:57","guid":{"rendered":"http:\/\/aliancafrancesajuizdefora.com.br\/?page_id=10640"},"modified":"2022-12-06T17:05:54","modified_gmt":"2022-12-06T20:05:54","slug":"curso-para-viagem","status":"publish","type":"page","link":"http:\/\/aliancafrancesajuizdefora.com.br\/index.php\/curso-para-viagem\/","title":{"rendered":"Curso para viagem"},"content":{"rendered":"\t\t<div data-elementor-type=\"wp-page\" data-elementor-id=\"10640\" class=\"elementor elementor-10640\">\n\t\t\t\t\t\t<section class=\"elementor-section elementor-top-section elementor-element elementor-element-60e0eb2 elementor-section-boxed elementor-section-height-default elementor-section-height-default\" data-id=\"60e0eb2\" data-element_type=\"section\" data-e-type=\"section\">\n\t\t\t\t\t\t<div class=\"elementor-container elementor-column-gap-default\">\n\t\t\t\t\t<div class=\"elementor-column elementor-col-100 elementor-top-column elementor-element elementor-element-5ea54ef\" data-id=\"5ea54ef\" data-element_type=\"column\" data-e-type=\"column\">\n\t\t\t<div class=\"elementor-widget-wrap elementor-element-populated\">\n\t\t\t\t\t\t<div class=\"elementor-element elementor-element-275f1e2 elementor-widget elementor-widget-heading\" data-id=\"275f1e2\" data-element_type=\"widget\" data-e-type=\"widget\" data-widget_type=\"heading.default\">\n\t\t\t\t<div class=\"elementor-widget-container\">\n\t\t\t\t\t<h2 class=\"elementor-heading-title elementor-size-default\">FRANC\u00caS PARA VIAGEM<\/h2>\t\t\t\t<\/div>\n\t\t\t\t<\/div>\n\t\t\t\t\t<\/div>\n\t\t<\/div>\n\t\t\t\t\t<\/div>\n\t\t<\/section>\n\t\t\t\t<section class=\"elementor-section elementor-top-section elementor-element elementor-element-c577cbe elementor-section-boxed elementor-section-height-default elementor-section-height-default\" data-id=\"c577cbe\" data-element_type=\"section\" data-e-type=\"section\">\n\t\t\t\t\t\t<div class=\"elementor-container elementor-column-gap-default\">\n\t\t\t\t\t<div class=\"elementor-column elementor-col-66 elementor-top-column elementor-element elementor-element-28241eb\" data-id=\"28241eb\" data-element_type=\"column\" data-e-type=\"column\">\n\t\t\t<div class=\"elementor-widget-wrap elementor-element-populated\">\n\t\t\t\t\t\t<div class=\"elementor-element elementor-element-cf1fcb5 elementor-widget elementor-widget-heading\" data-id=\"cf1fcb5\" data-element_type=\"widget\" data-e-type=\"widget\" data-widget_type=\"heading.default\">\n\t\t\t\t<div class=\"elementor-widget-container\">\n\t\t\t\t\t<h2 class=\"elementor-heading-title elementor-size-default\">FRANC\u00caS PARA VIAGEM<\/h2>\t\t\t\t<\/div>\n\t\t\t\t<\/div>\n\t\t\t\t<div class=\"elementor-element elementor-element-8d99c86 elementor-widget elementor-widget-text-editor\" data-id=\"8d99c86\" data-element_type=\"widget\" data-e-type=\"widget\" data-widget_type=\"text-editor.default\">\n\t\t\t\t<div class=\"elementor-widget-container\">\n\t\t\t\t\t\t\t\t\t<p>Ideal para quem quer aprender o essencial do franc\u00eas para uma viagem \u00e0 Fran\u00e7a ou a outros pa\u00edses franc\u00f3fonos.<\/p><blockquote><p><strong>Informa\u00e7\u00f5es<\/strong><\/p><ul class=\"list-inline mb-2\"><li>Dura\u00e7\u00e3o: a definir<\/li><li class=\"list-inline-item\">Cursos presenciais, online e flex (h\u00edbrido)<\/li><\/ul><\/blockquote><p>\u00a0<\/p><ul><li>De forma simples e objetiva os alunos aprendem o necess\u00e1rio para saber agir em situa\u00e7\u00f5es comuns em uma viagem a um pa\u00eds franc\u00f3fono: no avi\u00e3o, aeroporto, restaurante, hotel, consult\u00f3rio m\u00e9dico, etc.<\/li><\/ul><p><strong>Conte\u00fado Geral do Curso<\/strong><\/p><ul><li>Apresentar-se, despedir-se, contar.<\/li><li>Usar os transportes.<\/li><li>Orientar-se no aeroporto e saber se virar com os tr\u00e2mites.<\/li><li>Visitar um museu, um monumento.<\/li><li>Falar das suas atividades.<\/li><li>Organizar seu tempo e programa de viagem.<\/li><li>Fazer compras e pedidos em restaurante.<\/li><li>Reservar um quarto em um hotel<\/li><\/ul><p><strong>Informa\u00e7\u00f5es<\/strong><\/p>\t\t\t\t\t\t\t\t<\/div>\n\t\t\t\t<\/div>\n\t\t\t\t<div class=\"elementor-element elementor-element-a374587 elementor-widget elementor-widget-button\" data-id=\"a374587\" data-element_type=\"widget\" data-e-type=\"widget\" data-widget_type=\"button.default\">\n\t\t\t\t<div class=\"elementor-widget-container\">\n\t\t\t\t\t\t\t\t\t<div class=\"elementor-button-wrapper\">\n\t\t\t\t\t<a class=\"elementor-button elementor-button-link elementor-size-sm\" href=\"#\">\n\t\t\t\t\t\t<span class=\"elementor-button-content-wrapper\">\n\t\t\t\t\t\t\t\t\t<span class=\"elementor-button-text\">CLIQUE AQUI<\/span>\n\t\t\t\t\t<\/span>\n\t\t\t\t\t<\/a>\n\t\t\t\t<\/div>\n\t\t\t\t\t\t\t\t<\/div>\n\t\t\t\t<\/div>\n\t\t\t\t\t<\/div>\n\t\t<\/div>\n\t\t\t\t<div class=\"elementor-column elementor-col-33 elementor-top-column elementor-element elementor-element-80bc9ed\" data-id=\"80bc9ed\" data-element_type=\"column\" data-e-type=\"column\">\n\t\t\t<div class=\"elementor-widget-wrap elementor-element-populated\">\n\t\t\t\t\t\t<div class=\"elementor-element elementor-element-986f3b8 elementor-widget elementor-widget-image\" data-id=\"986f3b8\" data-element_type=\"widget\" data-e-type=\"widget\" data-widget_type=\"image.default\">\n\t\t\t\t<div class=\"elementor-widget-container\">\n\t\t\t\t\t\t\t\t\t\t\t\t\t\t\t<img fetchpriority=\"high\" decoding=\"async\" width=\"640\" height=\"640\" src=\"http:\/\/aliancafrancesajuizdefora.com.br\/wp-content\/uploads\/2022\/11\/7-3-1024x1024.jpg\" class=\"attachment-large size-large wp-image-10882\" alt=\"\" srcset=\"http:\/\/aliancafrancesajuizdefora.com.br\/wp-content\/uploads\/2022\/11\/7-3-1024x1024.jpg 1024w, http:\/\/aliancafrancesajuizdefora.com.br\/wp-content\/uploads\/2022\/11\/7-3-300x300.jpg 300w, http:\/\/aliancafrancesajuizdefora.com.br\/wp-content\/uploads\/2022\/11\/7-3-150x150.jpg 150w, http:\/\/aliancafrancesajuizdefora.com.br\/wp-content\/uploads\/2022\/11\/7-3-768x768.jpg 768w, http:\/\/aliancafrancesajuizdefora.com.br\/wp-content\/uploads\/2022\/11\/7-3-116x116.jpg 116w, http:\/\/aliancafrancesajuizdefora.com.br\/wp-content\/uploads\/2022\/11\/7-3.jpg 1080w\" sizes=\"(max-width: 640px) 100vw, 640px\" \/>\t\t\t\t\t\t\t\t\t\t\t\t\t\t\t<\/div>\n\t\t\t\t<\/div>\n\t\t\t\t\t<\/div>\n\t\t<\/div>\n\t\t\t\t\t<\/div>\n\t\t<\/section>\n\t\t\t\t<\/div>\n\t\t","protected":false},"excerpt":{"rendered":"<p>FRANC\u00caS PARA VIAGEM FRANC\u00caS PARA VIAGEM Ideal para quem quer aprender o essencial do franc\u00eas para uma viagem \u00e0 Fran\u00e7a ou a outros pa\u00edses franc\u00f3fonos. Informa\u00e7\u00f5es Dura\u00e7\u00e3o: a definir Cursos presenciais, online e flex (h\u00edbrido) \u00a0 De forma simples e objetiva os&#8230;<\/p>\n","protected":false},"author":1,"featured_media":10882,"parent":0,"menu_order":0,"comment_status":"closed","ping_status":"closed","template":"elementor_header_footer","meta":{"_uag_custom_page_level_css":"","footnotes":""},"class_list":["post-10640","page","type-page","status-publish","has-post-thumbnail","hentry"],"yoast_head":"<!-- This site is optimized with the Yoast SEO plugin v26.1.1 - https:\/\/yoast.com\/wordpress\/plugins\/seo\/ -->\n<title>Curso para viagem - Franc\u00eas com cultura<\/title>\n<meta name=\"robots\" content=\"index, follow, max-snippet:-1, max-image-preview:large, max-video-preview:-1\" \/>\n<link rel=\"canonical\" href=\"http:\/\/aliancafrancesajuizdefora.com.br\/index.php\/curso-para-viagem\/\" \/>\n<meta property=\"og:locale\" content=\"pt_BR\" \/>\n<meta property=\"og:type\" content=\"article\" \/>\n<meta property=\"og:title\" content=\"Curso para viagem - Franc\u00eas com cultura\" \/>\n<meta property=\"og:description\" content=\"FRANC\u00caS PARA VIAGEM FRANC\u00caS PARA VIAGEM Ideal para quem quer aprender o essencial do franc\u00eas para uma viagem \u00e0 Fran\u00e7a ou a outros pa\u00edses franc\u00f3fonos. Informa\u00e7\u00f5es Dura\u00e7\u00e3o: a definir Cursos presenciais, online e flex (h\u00edbrido) \u00a0 De forma simples e objetiva os...\" \/>\n<meta property=\"og:url\" content=\"http:\/\/aliancafrancesajuizdefora.com.br\/index.php\/curso-para-viagem\/\" \/>\n<meta property=\"og:site_name\" content=\"Franc\u00eas com cultura\" \/>\n<meta property=\"article:modified_time\" content=\"2022-12-06T20:05:54+00:00\" \/>\n<meta property=\"og:image\" content=\"http:\/\/aliancafrancesajuizdefora.com.br\/wp-content\/uploads\/2022\/11\/7-3.jpg\" \/>\n\t<meta property=\"og:image:width\" content=\"1080\" \/>\n\t<meta property=\"og:image:height\" content=\"1080\" \/>\n\t<meta property=\"og:image:type\" content=\"image\/jpeg\" \/>\n<meta name=\"twitter:card\" content=\"summary_large_image\" \/>\n<meta name=\"twitter:label1\" content=\"Est. tempo de leitura\" \/>\n\t<meta name=\"twitter:data1\" content=\"1 minuto\" \/>\n<script type=\"application\/ld+json\" class=\"yoast-schema-graph\">{\"@context\":\"https:\/\/schema.org\",\"@graph\":[{\"@type\":\"WebPage\",\"@id\":\"http:\/\/aliancafrancesajuizdefora.com.br\/index.php\/curso-para-viagem\/\",\"url\":\"http:\/\/aliancafrancesajuizdefora.com.br\/index.php\/curso-para-viagem\/\",\"name\":\"Curso para viagem - Franc\u00eas com cultura\",\"isPartOf\":{\"@id\":\"http:\/\/aliancafrancesajuizdefora.com.br\/#website\"},\"primaryImageOfPage\":{\"@id\":\"http:\/\/aliancafrancesajuizdefora.com.br\/index.php\/curso-para-viagem\/#primaryimage\"},\"image\":{\"@id\":\"http:\/\/aliancafrancesajuizdefora.com.br\/index.php\/curso-para-viagem\/#primaryimage\"},\"thumbnailUrl\":\"http:\/\/aliancafrancesajuizdefora.com.br\/wp-content\/uploads\/2022\/11\/7-3.jpg\",\"datePublished\":\"2022-11-21T16:37:57+00:00\",\"dateModified\":\"2022-12-06T20:05:54+00:00\",\"breadcrumb\":{\"@id\":\"http:\/\/aliancafrancesajuizdefora.com.br\/index.php\/curso-para-viagem\/#breadcrumb\"},\"inLanguage\":\"pt-BR\",\"potentialAction\":[{\"@type\":\"ReadAction\",\"target\":[\"http:\/\/aliancafrancesajuizdefora.com.br\/index.php\/curso-para-viagem\/\"]}]},{\"@type\":\"ImageObject\",\"inLanguage\":\"pt-BR\",\"@id\":\"http:\/\/aliancafrancesajuizdefora.com.br\/index.php\/curso-para-viagem\/#primaryimage\",\"url\":\"http:\/\/aliancafrancesajuizdefora.com.br\/wp-content\/uploads\/2022\/11\/7-3.jpg\",\"contentUrl\":\"http:\/\/aliancafrancesajuizdefora.com.br\/wp-content\/uploads\/2022\/11\/7-3.jpg\",\"width\":1080,\"height\":1080},{\"@type\":\"BreadcrumbList\",\"@id\":\"http:\/\/aliancafrancesajuizdefora.com.br\/index.php\/curso-para-viagem\/#breadcrumb\",\"itemListElement\":[{\"@type\":\"ListItem\",\"position\":1,\"name\":\"In\u00edcio\",\"item\":\"http:\/\/aliancafrancesajuizdefora.com.br\/\"},{\"@type\":\"ListItem\",\"position\":2,\"name\":\"Curso para viagem\"}]},{\"@type\":\"WebSite\",\"@id\":\"http:\/\/aliancafrancesajuizdefora.com.br\/#website\",\"url\":\"http:\/\/aliancafrancesajuizdefora.com.br\/\",\"name\":\"Franc\u00eas com cultura\",\"description\":\"\",\"publisher\":{\"@id\":\"http:\/\/aliancafrancesajuizdefora.com.br\/#organization\"},\"potentialAction\":[{\"@type\":\"SearchAction\",\"target\":{\"@type\":\"EntryPoint\",\"urlTemplate\":\"http:\/\/aliancafrancesajuizdefora.com.br\/?s={search_term_string}\"},\"query-input\":{\"@type\":\"PropertyValueSpecification\",\"valueRequired\":true,\"valueName\":\"search_term_string\"}}],\"inLanguage\":\"pt-BR\"},{\"@type\":\"Organization\",\"@id\":\"http:\/\/aliancafrancesajuizdefora.com.br\/#organization\",\"name\":\"Franc\u00eas com cultura\",\"url\":\"http:\/\/aliancafrancesajuizdefora.com.br\/\",\"logo\":{\"@type\":\"ImageObject\",\"inLanguage\":\"pt-BR\",\"@id\":\"http:\/\/aliancafrancesajuizdefora.com.br\/#\/schema\/logo\/image\/\",\"url\":\"http:\/\/aliancafrancesajuizdefora.com.br\/wp-content\/uploads\/2022\/10\/cropped-Captura-de-tela-2022-10-24-101020-e1666618071682.jpg\",\"contentUrl\":\"http:\/\/aliancafrancesajuizdefora.com.br\/wp-content\/uploads\/2022\/10\/cropped-Captura-de-tela-2022-10-24-101020-e1666618071682.jpg\",\"width\":200,\"height\":47,\"caption\":\"Franc\u00eas com cultura\"},\"image\":{\"@id\":\"http:\/\/aliancafrancesajuizdefora.com.br\/#\/schema\/logo\/image\/\"}}]}<\/script>\n<!-- \/ Yoast SEO plugin. -->","yoast_head_json":{"title":"Curso para viagem - Franc\u00eas com cultura","robots":{"index":"index","follow":"follow","max-snippet":"max-snippet:-1","max-image-preview":"max-image-preview:large","max-video-preview":"max-video-preview:-1"},"canonical":"http:\/\/aliancafrancesajuizdefora.com.br\/index.php\/curso-para-viagem\/","og_locale":"pt_BR","og_type":"article","og_title":"Curso para viagem - Franc\u00eas com cultura","og_description":"FRANC\u00caS PARA VIAGEM FRANC\u00caS PARA VIAGEM Ideal para quem quer aprender o essencial do franc\u00eas para uma viagem \u00e0 Fran\u00e7a ou a outros pa\u00edses franc\u00f3fonos. Informa\u00e7\u00f5es Dura\u00e7\u00e3o: a definir Cursos presenciais, online e flex (h\u00edbrido) \u00a0 De forma simples e objetiva os...","og_url":"http:\/\/aliancafrancesajuizdefora.com.br\/index.php\/curso-para-viagem\/","og_site_name":"Franc\u00eas com cultura","article_modified_time":"2022-12-06T20:05:54+00:00","og_image":[{"width":1080,"height":1080,"url":"http:\/\/aliancafrancesajuizdefora.com.br\/wp-content\/uploads\/2022\/11\/7-3.jpg","type":"image\/jpeg"}],"twitter_card":"summary_large_image","twitter_misc":{"Est. tempo de leitura":"1 minuto"},"schema":{"@context":"https:\/\/schema.org","@graph":[{"@type":"WebPage","@id":"http:\/\/aliancafrancesajuizdefora.com.br\/index.php\/curso-para-viagem\/","url":"http:\/\/aliancafrancesajuizdefora.com.br\/index.php\/curso-para-viagem\/","name":"Curso para viagem - Franc\u00eas com cultura","isPartOf":{"@id":"http:\/\/aliancafrancesajuizdefora.com.br\/#website"},"primaryImageOfPage":{"@id":"http:\/\/aliancafrancesajuizdefora.com.br\/index.php\/curso-para-viagem\/#primaryimage"},"image":{"@id":"http:\/\/aliancafrancesajuizdefora.com.br\/index.php\/curso-para-viagem\/#primaryimage"},"thumbnailUrl":"http:\/\/aliancafrancesajuizdefora.com.br\/wp-content\/uploads\/2022\/11\/7-3.jpg","datePublished":"2022-11-21T16:37:57+00:00","dateModified":"2022-12-06T20:05:54+00:00","breadcrumb":{"@id":"http:\/\/aliancafrancesajuizdefora.com.br\/index.php\/curso-para-viagem\/#breadcrumb"},"inLanguage":"pt-BR","potentialAction":[{"@type":"ReadAction","target":["http:\/\/aliancafrancesajuizdefora.com.br\/index.php\/curso-para-viagem\/"]}]},{"@type":"ImageObject","inLanguage":"pt-BR","@id":"http:\/\/aliancafrancesajuizdefora.com.br\/index.php\/curso-para-viagem\/#primaryimage","url":"http:\/\/aliancafrancesajuizdefora.com.br\/wp-content\/uploads\/2022\/11\/7-3.jpg","contentUrl":"http:\/\/aliancafrancesajuizdefora.com.br\/wp-content\/uploads\/2022\/11\/7-3.jpg","width":1080,"height":1080},{"@type":"BreadcrumbList","@id":"http:\/\/aliancafrancesajuizdefora.com.br\/index.php\/curso-para-viagem\/#breadcrumb","itemListElement":[{"@type":"ListItem","position":1,"name":"In\u00edcio","item":"http:\/\/aliancafrancesajuizdefora.com.br\/"},{"@type":"ListItem","position":2,"name":"Curso para viagem"}]},{"@type":"WebSite","@id":"http:\/\/aliancafrancesajuizdefora.com.br\/#website","url":"http:\/\/aliancafrancesajuizdefora.com.br\/","name":"Franc\u00eas com cultura","description":"","publisher":{"@id":"http:\/\/aliancafrancesajuizdefora.com.br\/#organization"},"potentialAction":[{"@type":"SearchAction","target":{"@type":"EntryPoint","urlTemplate":"http:\/\/aliancafrancesajuizdefora.com.br\/?s={search_term_string}"},"query-input":{"@type":"PropertyValueSpecification","valueRequired":true,"valueName":"search_term_string"}}],"inLanguage":"pt-BR"},{"@type":"Organization","@id":"http:\/\/aliancafrancesajuizdefora.com.br\/#organization","name":"Franc\u00eas com cultura","url":"http:\/\/aliancafrancesajuizdefora.com.br\/","logo":{"@type":"ImageObject","inLanguage":"pt-BR","@id":"http:\/\/aliancafrancesajuizdefora.com.br\/#\/schema\/logo\/image\/","url":"http:\/\/aliancafrancesajuizdefora.com.br\/wp-content\/uploads\/2022\/10\/cropped-Captura-de-tela-2022-10-24-101020-e1666618071682.jpg","contentUrl":"http:\/\/aliancafrancesajuizdefora.com.br\/wp-content\/uploads\/2022\/10\/cropped-Captura-de-tela-2022-10-24-101020-e1666618071682.jpg","width":200,"height":47,"caption":"Franc\u00eas com cultura"},"image":{"@id":"http:\/\/aliancafrancesajuizdefora.com.br\/#\/schema\/logo\/image\/"}}]}},"uagb_featured_image_src":{"full":["http:\/\/aliancafrancesajuizdefora.com.br\/wp-content\/uploads\/2022\/11\/7-3.jpg",1080,1080,false],"thumbnail":["http:\/\/aliancafrancesajuizdefora.com.br\/wp-content\/uploads\/2022\/11\/7-3-150x150.jpg",150,150,true],"medium":["http:\/\/aliancafrancesajuizdefora.com.br\/wp-content\/uploads\/2022\/11\/7-3-300x300.jpg",300,300,true],"medium_large":["http:\/\/aliancafrancesajuizdefora.com.br\/wp-content\/uploads\/2022\/11\/7-3-768x768.jpg",640,640,true],"large":["http:\/\/aliancafrancesajuizdefora.com.br\/wp-content\/uploads\/2022\/11\/7-3-1024x1024.jpg",640,640,true],"1536x1536":["http:\/\/aliancafrancesajuizdefora.com.br\/wp-content\/uploads\/2022\/11\/7-3.jpg",1080,1080,false],"2048x2048":["http:\/\/aliancafrancesajuizdefora.com.br\/wp-content\/uploads\/2022\/11\/7-3.jpg",1080,1080,false],"educenter-slider":["http:\/\/aliancafrancesajuizdefora.com.br\/wp-content\/uploads\/2022\/11\/7-3-1080x600.jpg",1080,600,true],"educenter-large":["http:\/\/aliancafrancesajuizdefora.com.br\/wp-content\/uploads\/2022\/11\/7-3-840x450.jpg",840,450,true],"educenter-gallery":["http:\/\/aliancafrancesajuizdefora.com.br\/wp-content\/uploads\/2022\/11\/7-3-400x290.jpg",400,290,true],"educenter-team":["http:\/\/aliancafrancesajuizdefora.com.br\/wp-content\/uploads\/2022\/11\/7-3-400x510.jpg",400,510,true],"form-edit-image-preview":["http:\/\/aliancafrancesajuizdefora.com.br\/wp-content\/uploads\/2022\/11\/7-3-116x116.jpg",116,116,true]},"uagb_author_info":{"display_name":"AFJuizdeFora","author_link":"http:\/\/aliancafrancesajuizdefora.com.br\/index.php\/author\/afjuizdefora\/"},"uagb_comment_info":0,"uagb_excerpt":"FRANC\u00caS PARA VIAGEM FRANC\u00caS PARA VIAGEM Ideal para quem quer aprender o essencial do franc\u00eas para uma viagem \u00e0 Fran\u00e7a ou a outros pa\u00edses franc\u00f3fonos. Informa\u00e7\u00f5es Dura\u00e7\u00e3o: a definir Cursos presenciais, online e flex (h\u00edbrido) \u00a0 De forma simples e objetiva os...","_links":{"self":[{"href":"http:\/\/aliancafrancesajuizdefora.com.br\/index.php\/wp-json\/wp\/v2\/pages\/10640","targetHints":{"allow":["GET"]}}],"collection":[{"href":"http:\/\/aliancafrancesajuizdefora.com.br\/index.php\/wp-json\/wp\/v2\/pages"}],"about":[{"href":"http:\/\/aliancafrancesajuizdefora.com.br\/index.php\/wp-json\/wp\/v2\/types\/page"}],"author":[{"embeddable":true,"href":"http:\/\/aliancafrancesajuizdefora.com.br\/index.php\/wp-json\/wp\/v2\/users\/1"}],"replies":[{"embeddable":true,"href":"http:\/\/aliancafrancesajuizdefora.com.br\/index.php\/wp-json\/wp\/v2\/comments?post=10640"}],"version-history":[{"count":45,"href":"http:\/\/aliancafrancesajuizdefora.com.br\/index.php\/wp-json\/wp\/v2\/pages\/10640\/revisions"}],"predecessor-version":[{"id":11332,"href":"http:\/\/aliancafrancesajuizdefora.com.br\/index.php\/wp-json\/wp\/v2\/pages\/10640\/revisions\/11332"}],"wp:featuredmedia":[{"embeddable":true,"href":"http:\/\/aliancafrancesajuizdefora.com.br\/index.php\/wp-json\/wp\/v2\/media\/10882"}],"wp:attachment":[{"href":"http:\/\/aliancafrancesajuizdefora.com.br\/index.php\/wp-json\/wp\/v2\/media?parent=10640"}],"curies":[{"name":"wp","href":"https:\/\/api.w.org\/{rel}","templated":true}]}}